{"id":10504,"date":"2024-05-24T12:24:19","date_gmt":"2024-05-24T10:24:19","guid":{"rendered":"https:\/\/skmas.dk\/skmas-importieren\/"},"modified":"2024-05-24T12:24:19","modified_gmt":"2024-05-24T10:24:19","slug":"skmas-importieren","status":"publish","type":"page","link":"https:\/\/skmas.dk\/de\/skmas-importieren\/","title":{"rendered":"Skmas importieren"},"content":{"rendered":"<section class=\"wpb-content-wrapper\"><p>[vc_row full_width=&#8220;stretch_row&#8220;][vc_column]<div class=\"ult-spacer spacer-69f4bf7debc2b\" data-id=\"69f4bf7debc2b\" data-height=\"90\" data-height-mobile=\"60\" data-height-tab=\"90\" data-height-tab-portrait=\"60\" data-height-mobile-landscape=\"60\" style=\"clear:both;display:block;\"><\/div>[vc_row_inner][vc_column_inner offset=&#8220;vc_col-lg-8 vc_col-md-8 vc_col-xs-12&#8243;][vc_column_text]<\/p>\n<h2>Skmas importieren<\/h2>\n<p>Haupttext.<img decoding=\"async\" class=\"alignnone size-full wp-image-7326\" src=\"https:\/\/skmas.dk\/wp-content\/uploads\/2024\/05\/20170222-113840-skmas-traktor-green-forst-flowmatic-nr1-scaled.jpg\" alt=\"\" width=\"2048\" height=\"1152\" srcset=\"https:\/\/skmas.dk\/wp-content\/uploads\/2024\/05\/20170222-113840-skmas-traktor-green-forst-flowmatic-nr1-scaled.jpg 2048w, https:\/\/skmas.dk\/wp-content\/uploads\/2024\/05\/20170222-113840-skmas-traktor-green-forst-flowmatic-nr1-768x432.jpg 768w, https:\/\/skmas.dk\/wp-content\/uploads\/2024\/05\/20170222-113840-skmas-traktor-green-forst-flowmatic-nr1-1536x864.jpg 1536w\" sizes=\"(max-width: 2048px) 100vw, 2048px\" \/>[\/vc_column_text]<div class=\"ult-spacer spacer-69f4bf7debc5a\" data-id=\"69f4bf7debc5a\" data-height=\"0\" data-height-mobile=\"30\" data-height-tab=\"0\" data-height-tab-portrait=\"30\" data-height-mobile-landscape=\"30\" style=\"clear:both;display:block;\"><\/div>[\/vc_column_inner][vc_column_inner offset=&#8220;vc_col-lg-4 vc_col-md-4 vc_col-xs-12&#8243;][vc_widget_sidebar sidebar_id=&#8220;sidebar-1&#8243; el_class=&#8220;contact-sidebar&#8220;][vc_empty_space height=&#8220;30px&#8220;][vc_single_image image=&#8220;7326&#8243; alignment=&#8220;center&#8220;][\/vc_column_inner][\/vc_row_inner]<div class=\"ult-spacer spacer-69f4bf7debc6e\" data-id=\"69f4bf7debc6e\" data-height=\"90\" data-height-mobile=\"60\" data-height-tab=\"90\" data-height-tab-portrait=\"60\" data-height-mobile-landscape=\"60\" style=\"clear:both;display:block;\"><\/div>[\/vc_column][\/vc_row][vc_row full_width=&#8220;stretch_row&#8220;][vc_column]<div class=\"ult-spacer spacer-69f4bf7debc80\" data-id=\"69f4bf7debc80\" data-height=\"90\" data-height-mobile=\"60\" data-height-tab=\"90\" data-height-tab-portrait=\"60\" data-height-mobile-landscape=\"60\" style=\"clear:both;display:block;\"><\/div>[vc_column_text]<\/p>\n<h3 style=\"text-align: center;\">Maschinenpark<\/h3>\n<p>[\/vc_column_text][vc_empty_space height=&#8220;30px&#8220;][vc_basic_grid post_type=&#8220;post&#8220; max_items=&#8220;-1&#8243; element_width=&#8220;3&#8243; orderby=&#8220;title&#8220; order=&#8220;ASC&#8220; item=&#8220;3702&#8243; grid_id=&#8220;vc_gid:1716801318561-9d118426-36ac-6&#8243; taxonomies=&#8220;57&#8243;]<div class=\"ult-spacer spacer-69f4bf7debc8f\" data-id=\"69f4bf7debc8f\" data-height=\"90\" data-height-mobile=\"60\" data-height-tab=\"90\" data-height-tab-portrait=\"60\" data-height-mobile-landscape=\"60\" style=\"clear:both;display:block;\"><\/div>[\/vc_column][\/vc_row]<\/p>\n<\/section>","protected":false},"excerpt":{"rendered":"<p>[vc_row full_width=&#8220;stretch_row&#8220;][vc_column][vc_row_inner][vc_column_inner offset=&#8220;vc_col-lg-8 vc_col-md-8 vc_col-xs-12&#8243;][vc_column_text] Skmas importieren Haupttext.[\/vc_column_text][\/vc_column_inner][vc_column_inner offset=&#8220;vc_col-lg-4 vc_col-md-4 vc_col-xs-12&#8243;][vc_widget_sidebar sidebar_id=&#8220;sidebar-1&#8243; el_class=&#8220;contact-sidebar&#8220;][vc_empty_space height=&#8220;30px&#8220;][vc_single_image image=&#8220;7326&#8243; alignment=&#8220;center&#8220;][\/vc_column_inner][\/vc_row_inner][\/vc_column][\/vc_row][vc_row full_width=&#8220;stretch_row&#8220;][vc_column][vc_column_text] Maschinenpark [\/vc_column_text][vc_empty_space height=&#8220;30px&#8220;][vc_basic_grid post_type=&#8220;post&#8220; max_items=&#8220;-1&#8243; element_width=&#8220;3&#8243; orderby=&#8220;title&#8220; order=&#8220;ASC&#8220; item=&#8220;3702&#8243; grid_id=&#8220;vc_gid:1716801318561-9d118426-36ac-6&#8243; taxonomies=&#8220;57&#8243;][\/vc_column][\/vc_row]<\/p>\n","protected":false},"author":3,"featured_media":10165,"parent":0,"menu_order":0,"comment_status":"closed","ping_status":"closed","template":"","meta":{"_acf_changed":false,"footnotes":""},"categories":[79],"acf":[],"yoast_head":"<!-- This site is optimized with the Yoast SEO plugin v24.5 - https:\/\/yoast.com\/wordpress\/plugins\/seo\/ -->\n<title>Skmas importieren | Sk\u00e6rb\u00e6k Maskinforretning<\/title>\n<meta name=\"robots\" content=\"index, follow, max-snippet:-1, max-image-preview:large, max-video-preview:-1\" \/>\n<link rel=\"canonical\" href=\"https:\/\/skmas.dk\/skmas-importieren\/\" \/>\n<meta property=\"og:locale\" content=\"de_DE\" \/>\n<meta property=\"og:type\" content=\"article\" \/>\n<meta property=\"og:title\" content=\"Skmas importieren | Sk\u00e6rb\u00e6k Maskinforretning\" \/>\n<meta property=\"og:description\" content=\"[vc_row full_width=&#8220;stretch_row&#8220;][vc_column][vc_row_inner][vc_column_inner offset=&#8220;vc_col-lg-8 vc_col-md-8 vc_col-xs-12&#8243;][vc_column_text] Skmas importieren Haupttext.[\/vc_column_text][\/vc_column_inner][vc_column_inner offset=&#8220;vc_col-lg-4 vc_col-md-4 vc_col-xs-12&#8243;][vc_widget_sidebar sidebar_id=&#8220;sidebar-1&#8243; el_class=&#8220;contact-sidebar&#8220;][vc_empty_space height=&#8220;30px&#8220;][vc_single_image image=&#8220;7326&#8243; alignment=&#8220;center&#8220;][\/vc_column_inner][\/vc_row_inner][\/vc_column][\/vc_row][vc_row full_width=&#8220;stretch_row&#8220;][vc_column][vc_column_text] Maschinenpark [\/vc_column_text][vc_empty_space height=&#8220;30px&#8220;][vc_basic_grid post_type=&#8220;post&#8220; max_items=&#8220;-1&#8243; element_width=&#8220;3&#8243; orderby=&#8220;title&#8220; order=&#8220;ASC&#8220; item=&#8220;3702&#8243; grid_id=&#8220;vc_gid:1716801318561-9d118426-36ac-6&#8243; taxonomies=&#8220;57&#8243;][\/vc_column][\/vc_row]\" \/>\n<meta property=\"og:url\" content=\"https:\/\/skmas.dk\/skmas-importieren\/\" \/>\n<meta property=\"og:site_name\" content=\"Sk\u00e6rb\u00e6k Maskinforretning\" \/>\n<meta property=\"og:image\" content=\"https:\/\/skmas.dk\/wp-content\/uploads\/2024\/05\/20170222-113840-skmas-traktor-green-forst-flowmatic-nr1-scaled.jpg\" \/>\n\t<meta property=\"og:image:width\" content=\"2048\" \/>\n\t<meta property=\"og:image:height\" content=\"1152\" \/>\n\t<meta property=\"og:image:type\" content=\"image\/jpeg\" \/>\n<meta name=\"twitter:card\" content=\"summary_large_image\" \/>\n<meta name=\"twitter:label1\" content=\"Gesch\u00e4tzte Lesezeit\" \/>\n\t<meta name=\"twitter:data1\" content=\"1\u00a0Minute\" \/>\n<script type=\"application\/ld+json\" class=\"yoast-schema-graph\">{\"@context\":\"https:\/\/schema.org\",\"@graph\":[{\"@type\":\"WebPage\",\"@id\":\"https:\/\/skmas.dk\/skmas-importieren\/\",\"url\":\"https:\/\/skmas.dk\/skmas-importieren\/\",\"name\":\"Skmas importieren | Sk\u00e6rb\u00e6k Maskinforretning\",\"isPartOf\":{\"@id\":\"https:\/\/skmas.dk\/#website\"},\"primaryImageOfPage\":{\"@id\":\"https:\/\/skmas.dk\/skmas-importieren\/#primaryimage\"},\"image\":{\"@id\":\"https:\/\/skmas.dk\/skmas-importieren\/#primaryimage\"},\"thumbnailUrl\":\"https:\/\/skmas.dk\/wp-content\/uploads\/2024\/05\/20170222-120826-green-flowmatic-in-forest-alone-nr3-scaled.jpg\",\"datePublished\":\"2024-05-24T10:24:19+00:00\",\"breadcrumb\":{\"@id\":\"https:\/\/skmas.dk\/skmas-importieren\/#breadcrumb\"},\"inLanguage\":\"de\",\"potentialAction\":[{\"@type\":\"ReadAction\",\"target\":[\"https:\/\/skmas.dk\/skmas-importieren\/\"]}]},{\"@type\":\"ImageObject\",\"inLanguage\":\"de\",\"@id\":\"https:\/\/skmas.dk\/skmas-importieren\/#primaryimage\",\"url\":\"https:\/\/skmas.dk\/wp-content\/uploads\/2024\/05\/20170222-120826-green-flowmatic-in-forest-alone-nr3-scaled.jpg\",\"contentUrl\":\"https:\/\/skmas.dk\/wp-content\/uploads\/2024\/05\/20170222-120826-green-flowmatic-in-forest-alone-nr3-scaled.jpg\",\"width\":2048,\"height\":1152},{\"@type\":\"BreadcrumbList\",\"@id\":\"https:\/\/skmas.dk\/skmas-importieren\/#breadcrumb\",\"itemListElement\":[{\"@type\":\"ListItem\",\"position\":1,\"name\":\"Hjem\",\"item\":\"https:\/\/skmas.dk\/de\/\"},{\"@type\":\"ListItem\",\"position\":2,\"name\":\"Skmas importieren\"}]},{\"@type\":\"WebSite\",\"@id\":\"https:\/\/skmas.dk\/#website\",\"url\":\"https:\/\/skmas.dk\/\",\"name\":\"Sk\u00e6rb\u00e6k Maskinforretning\",\"description\":\"T\u00e5gespr\u00f8jte, Slagleklipper, Grenknuser, Foderblander, G\u00f8dningspreder, Agro masz og Peecon\",\"publisher\":{\"@id\":\"https:\/\/skmas.dk\/#organization\"},\"potentialAction\":[{\"@type\":\"SearchAction\",\"target\":{\"@type\":\"EntryPoint\",\"urlTemplate\":\"https:\/\/skmas.dk\/?s={search_term_string}\"},\"query-input\":{\"@type\":\"PropertyValueSpecification\",\"valueRequired\":true,\"valueName\":\"search_term_string\"}}],\"inLanguage\":\"de\"},{\"@type\":\"Organization\",\"@id\":\"https:\/\/skmas.dk\/#organization\",\"name\":\"Sk\u00e6rb\u00e6k Maskinforretning\",\"url\":\"https:\/\/skmas.dk\/\",\"logo\":{\"@type\":\"ImageObject\",\"inLanguage\":\"de\",\"@id\":\"https:\/\/skmas.dk\/#\/schema\/logo\/image\/\",\"url\":\"https:\/\/skmas.dk\/wp-content\/uploads\/2023\/12\/cropped-skaerbaek-maskinforretning-logo.png\",\"contentUrl\":\"https:\/\/skmas.dk\/wp-content\/uploads\/2023\/12\/cropped-skaerbaek-maskinforretning-logo.png\",\"width\":486,\"height\":97,\"caption\":\"Sk\u00e6rb\u00e6k Maskinforretning\"},\"image\":{\"@id\":\"https:\/\/skmas.dk\/#\/schema\/logo\/image\/\"}}]}<\/script>\n<!-- \/ Yoast SEO plugin. -->","yoast_head_json":{"title":"Skmas importieren | Sk\u00e6rb\u00e6k Maskinforretning","robots":{"index":"index","follow":"follow","max-snippet":"max-snippet:-1","max-image-preview":"max-image-preview:large","max-video-preview":"max-video-preview:-1"},"canonical":"https:\/\/skmas.dk\/skmas-importieren\/","og_locale":"de_DE","og_type":"article","og_title":"Skmas importieren | Sk\u00e6rb\u00e6k Maskinforretning","og_description":"[vc_row full_width=&#8220;stretch_row&#8220;][vc_column][vc_row_inner][vc_column_inner offset=&#8220;vc_col-lg-8 vc_col-md-8 vc_col-xs-12&#8243;][vc_column_text] Skmas importieren Haupttext.[\/vc_column_text][\/vc_column_inner][vc_column_inner offset=&#8220;vc_col-lg-4 vc_col-md-4 vc_col-xs-12&#8243;][vc_widget_sidebar sidebar_id=&#8220;sidebar-1&#8243; el_class=&#8220;contact-sidebar&#8220;][vc_empty_space height=&#8220;30px&#8220;][vc_single_image image=&#8220;7326&#8243; alignment=&#8220;center&#8220;][\/vc_column_inner][\/vc_row_inner][\/vc_column][\/vc_row][vc_row full_width=&#8220;stretch_row&#8220;][vc_column][vc_column_text] Maschinenpark [\/vc_column_text][vc_empty_space height=&#8220;30px&#8220;][vc_basic_grid post_type=&#8220;post&#8220; max_items=&#8220;-1&#8243; element_width=&#8220;3&#8243; orderby=&#8220;title&#8220; order=&#8220;ASC&#8220; item=&#8220;3702&#8243; grid_id=&#8220;vc_gid:1716801318561-9d118426-36ac-6&#8243; taxonomies=&#8220;57&#8243;][\/vc_column][\/vc_row]","og_url":"https:\/\/skmas.dk\/skmas-importieren\/","og_site_name":"Sk\u00e6rb\u00e6k Maskinforretning","og_image":[{"width":2048,"height":1152,"url":"https:\/\/skmas.dk\/wp-content\/uploads\/2024\/05\/20170222-113840-skmas-traktor-green-forst-flowmatic-nr1-scaled.jpg","type":"image\/jpeg"}],"twitter_card":"summary_large_image","twitter_misc":{"Gesch\u00e4tzte Lesezeit":"1\u00a0Minute"},"schema":{"@context":"https:\/\/schema.org","@graph":[{"@type":"WebPage","@id":"https:\/\/skmas.dk\/skmas-importieren\/","url":"https:\/\/skmas.dk\/skmas-importieren\/","name":"Skmas importieren | Sk\u00e6rb\u00e6k Maskinforretning","isPartOf":{"@id":"https:\/\/skmas.dk\/#website"},"primaryImageOfPage":{"@id":"https:\/\/skmas.dk\/skmas-importieren\/#primaryimage"},"image":{"@id":"https:\/\/skmas.dk\/skmas-importieren\/#primaryimage"},"thumbnailUrl":"https:\/\/skmas.dk\/wp-content\/uploads\/2024\/05\/20170222-120826-green-flowmatic-in-forest-alone-nr3-scaled.jpg","datePublished":"2024-05-24T10:24:19+00:00","breadcrumb":{"@id":"https:\/\/skmas.dk\/skmas-importieren\/#breadcrumb"},"inLanguage":"de","potentialAction":[{"@type":"ReadAction","target":["https:\/\/skmas.dk\/skmas-importieren\/"]}]},{"@type":"ImageObject","inLanguage":"de","@id":"https:\/\/skmas.dk\/skmas-importieren\/#primaryimage","url":"https:\/\/skmas.dk\/wp-content\/uploads\/2024\/05\/20170222-120826-green-flowmatic-in-forest-alone-nr3-scaled.jpg","contentUrl":"https:\/\/skmas.dk\/wp-content\/uploads\/2024\/05\/20170222-120826-green-flowmatic-in-forest-alone-nr3-scaled.jpg","width":2048,"height":1152},{"@type":"BreadcrumbList","@id":"https:\/\/skmas.dk\/skmas-importieren\/#breadcrumb","itemListElement":[{"@type":"ListItem","position":1,"name":"Hjem","item":"https:\/\/skmas.dk\/de\/"},{"@type":"ListItem","position":2,"name":"Skmas importieren"}]},{"@type":"WebSite","@id":"https:\/\/skmas.dk\/#website","url":"https:\/\/skmas.dk\/","name":"Sk\u00e6rb\u00e6k Maskinforretning","description":"T\u00e5gespr\u00f8jte, Slagleklipper, Grenknuser, Foderblander, G\u00f8dningspreder, Agro masz og Peecon","publisher":{"@id":"https:\/\/skmas.dk\/#organization"},"potentialAction":[{"@type":"SearchAction","target":{"@type":"EntryPoint","urlTemplate":"https:\/\/skmas.dk\/?s={search_term_string}"},"query-input":{"@type":"PropertyValueSpecification","valueRequired":true,"valueName":"search_term_string"}}],"inLanguage":"de"},{"@type":"Organization","@id":"https:\/\/skmas.dk\/#organization","name":"Sk\u00e6rb\u00e6k Maskinforretning","url":"https:\/\/skmas.dk\/","logo":{"@type":"ImageObject","inLanguage":"de","@id":"https:\/\/skmas.dk\/#\/schema\/logo\/image\/","url":"https:\/\/skmas.dk\/wp-content\/uploads\/2023\/12\/cropped-skaerbaek-maskinforretning-logo.png","contentUrl":"https:\/\/skmas.dk\/wp-content\/uploads\/2023\/12\/cropped-skaerbaek-maskinforretning-logo.png","width":486,"height":97,"caption":"Sk\u00e6rb\u00e6k Maskinforretning"},"image":{"@id":"https:\/\/skmas.dk\/#\/schema\/logo\/image\/"}}]}},"_links":{"self":[{"href":"https:\/\/skmas.dk\/de\/wp-json\/wp\/v2\/pages\/10504"}],"collection":[{"href":"https:\/\/skmas.dk\/de\/wp-json\/wp\/v2\/pages"}],"about":[{"href":"https:\/\/skmas.dk\/de\/wp-json\/wp\/v2\/types\/page"}],"author":[{"embeddable":true,"href":"https:\/\/skmas.dk\/de\/wp-json\/wp\/v2\/users\/3"}],"replies":[{"embeddable":true,"href":"https:\/\/skmas.dk\/de\/wp-json\/wp\/v2\/comments?post=10504"}],"version-history":[{"count":0,"href":"https:\/\/skmas.dk\/de\/wp-json\/wp\/v2\/pages\/10504\/revisions"}],"wp:featuredmedia":[{"embeddable":true,"href":"https:\/\/skmas.dk\/de\/wp-json\/wp\/v2\/media\/10165"}],"wp:attachment":[{"href":"https:\/\/skmas.dk\/de\/wp-json\/wp\/v2\/media?parent=10504"}],"wp:term":[{"taxonomy":"category","embeddable":true,"href":"https:\/\/skmas.dk\/de\/wp-json\/wp\/v2\/categories?post=10504"}],"curies":[{"name":"wp","href":"https:\/\/api.w.org\/{rel}","templated":true}]}}