{"id":10537,"date":"2024-01-23T09:53:41","date_gmt":"2024-01-23T08:53:41","guid":{"rendered":"https:\/\/skmas.dk\/runner-x-abgeschleppt\/"},"modified":"2024-01-23T09:53:41","modified_gmt":"2024-01-23T08:53:41","slug":"runner-x-abgeschleppt","status":"publish","type":"page","link":"https:\/\/skmas.dk\/de\/runner-x-abgeschleppt\/","title":{"rendered":"RUNNER X &#8211; Abgeschleppt"},"content":{"rendered":"<section class=\"wpb-content-wrapper\"><p>[vc_row full_width=&#8220;stretch_row&#8220;][vc_column]<div class=\"ult-spacer spacer-69f32ff13cce1\" data-id=\"69f32ff13cce1\" data-height=\"90\" data-height-mobile=\"60\" data-height-tab=\"90\" data-height-tab-portrait=\"60\" data-height-mobile-landscape=\"60\" style=\"clear:both;display:block;\"><\/div>[vc_row_inner equal_height=&#8220;yes&#8220; content_placement=&#8220;middle&#8220; css=&#8220;.vc_custom_1702286566002{margin-right: 0px !important;margin-left: 0px !important;}&#8220;][vc_column_inner el_class=&#8220;small-stretch&#8220; offset=&#8220;vc_col-lg-6 vc_col-md-6 vc_col-xs-12&#8243;][vc_column_text]<\/p>\n<h2>Modelle<\/h2>\n<p>L\u00c4UFER X 4 m. &#8211; Z\u00e4hne 10\/14 L\u00c4UFER X 5 m. &#8211; Z\u00e4hne 12\/18  <\/p>\n<h3>Ausr\u00fcstung<\/h3>\n<p>&#8211; Hydraulisch verstellbare Deichsel. &#8211; Striegelzinken mit Federentriegelung, 80-mm-Blatt, Fl\u00fcgelblatt und Leitblech. &#8211; Transportr\u00e4der 500\/50 R17 mit Bremsen. &#8211; Einebnungsscheiben \u00d8460 mm &#8211; Hydraulische Tiefenkontrolle mit Skala. &#8211; Rohrpakete \u00d8600 mm &#8211; Hydraulische Klappe. &#8211; Vorderes St\u00fctzrad 10.0\/75 R15.3. &#8211; Ampel.<\/p>\n<p>[\/vc_column_text][\/vc_column_inner][vc_column_inner css=&#8220;.vc_custom_1705999998806{background-image: url(https:\/\/skmas.dk\/wp-content\/uploads\/2024\/01\/skaermbillede-2024-01-23-kl-095208.jpg?id=4767) !important;background-position: center !important;background-repeat: no-repeat !important;background-size: contain !important;}&#8220; offset=&#8220;vc_col-lg-6 vc_col-md-6 vc_col-xs-12&#8243;]<div class=\"ult-spacer spacer-69f32ff13cd0a\" data-id=\"69f32ff13cd0a\" data-height=\"0\" data-height-mobile=\"200\" data-height-tab=\"0\" data-height-tab-portrait=\"300\" data-height-mobile-landscape=\"250\" style=\"clear:both;display:block;\"><\/div>[\/vc_column_inner][\/vc_row_inner][vc_row_inner equal_height=&#8220;yes&#8220; content_placement=&#8220;middle&#8220; css=&#8220;.vc_custom_1705007701328{margin-right: 0px !important;margin-left: 0px !important;}&#8220;][vc_column_inner width=&#8220;1\/2&#8243; css=&#8220;.vc_custom_1702286928175{background-position: center !important;background-repeat: no-repeat !important;background-size: cover !important;}&#8220; offset=&#8220;vc_col-lg-6 vc_col-md-6 vc_hidden-sm vc_col-xs-12 vc_hidden-xs&#8220;]<div id=\"ultimate-video-732569f32ff13cd53\" class=\"ult-video  ult-adjust-bottom-margin ultimate-video-732569f32ff13cd53 ultv-2404 \"><div class=\"ultv-video ultv-aspect-ratio-16_9 ultv-subscribe-responsive-none\" data-videotype=\"uv_iframe\">\n\t\t\t\t\t\t<div class=\"ultv-video__outer-wrap\" data-autoplay=\"0\" data-device=\"false\"  data-iconbg=\"#3A3A3A\" data-overcolor=\"\" data-defaultbg=\"#1f1f1e\" data-defaultplay=\"defaulticon\"><div class=\"ultv-video__play\" data-src=\"https:\/\/www.youtube.com\/embed\/HJRzUQMhJMQ?rel=0&amp;start&amp;end&amp;controls=1&amp;mute=0&amp;modestbranding=0&amp;autoplay=1\">\n\t\t\t\t\t\t\t\t<img decoding=\"async\" class=\"ultv-video__thumb\" src=\"https:\/\/i.ytimg.com\/vi\/HJRzUQMhJMQ\/maxresdefault.jpg\"\/>\n\t\t\t\t\t\t\t\t<div class=\"ultv-video__play-icon  ultv-animation-none\" style=\"width:75px\"><svg height=\"100%\" version=\"1.1\" viewBox=\"0 0 68 48\" width=\"100%\"><path class=\"ultv-youtube-icon-bg\" d=\"m .66,37.62 c 0,0 .66,4.70 2.70,6.77 2.58,2.71 5.98,2.63 7.49,2.91 5.43,.52 23.10,.68 23.12,.68 .00,-1.3e-5 14.29,-0.02 23.81,-0.71 1.32,-0.15 4.22,-0.17 6.81,-2.89 2.03,-2.07 2.70,-6.77 2.70,-6.77 0,0 .67,-5.52 .67,-11.04 l 0,-5.17 c 0,-5.52 -0.67,-11.04 -0.67,-11.04 0,0 -0.66,-4.70 -2.70,-6.77 C 62.03,.86 59.13,.84 57.80,.69 48.28,0 34.00,0 34.00,0 33.97,0 19.69,0 10.18,.69 8.85,.84 5.95,.86 3.36,3.58 1.32,5.65 .66,10.35 .66,10.35 c 0,0 -0.55,4.50 -0.66,9.45 l 0,8.36 c .10,4.94 .66,9.45 .66,9.45 z\" fill=\"#1f1f1e\" ><\/path><path d=\"m 26.96,13.67 18.37,9.62 -18.37,9.55 -0.00,-19.17 z\" fill=\"#fff\"><\/path><path d=\"M 45.02,23.46 45.32,23.28 26.96,13.67 43.32,22.34 45.02,23.46 z\" fill=\"#ccc\"><\/path><\/svg><\/div> <\/div> <\/div><\/div><\/div><div class=\"ult-spacer spacer-69f32ff13cde5\" data-id=\"69f32ff13cde5\" data-height=\"0\" data-height-mobile=\"30\" data-height-tab=\"0\" data-height-tab-portrait=\"0\" data-height-mobile-landscape=\"30\" style=\"clear:both;display:block;\"><\/div>[\/vc_column_inner][vc_column_inner width=&#8220;1\/2&#8243;][vc_media_grid grid_id=&#8220;vc_gid:1705999955123-cbf65ce3-9877-3&#8243; include=&#8220;4765,4766,4767&#8243;][\/vc_column_inner][\/vc_row_inner][vc_empty_space height=&#8220;30px&#8220;][vc_single_image image=&#8220;4768&#8243; img_size=&#8220;full&#8220; alignment=&#8220;center&#8220;]<div class=\"ult-spacer spacer-69f32ff13cdf9\" data-id=\"69f32ff13cdf9\" data-height=\"90\" data-height-mobile=\"60\" data-height-tab=\"90\" data-height-tab-portrait=\"60\" data-height-mobile-landscape=\"60\" style=\"clear:both;display:block;\"><\/div>[\/vc_column][\/vc_row]<\/p>\n<\/section>","protected":false},"excerpt":{"rendered":"<p>[vc_row full_width=&#8220;stretch_row&#8220;][vc_column][vc_row_inner equal_height=&#8220;yes&#8220; content_placement=&#8220;middle&#8220; css=&#8220;.vc_custom_1702286566002{margin-right: 0px !important;margin-left: 0px !important;}&#8220;][vc_column_inner el_class=&#8220;small-stretch&#8220; offset=&#8220;vc_col-lg-6 vc_col-md-6 vc_col-xs-12&#8243;][vc_column_text] Modelle L\u00c4UFER X 4 m. &#8211; Z\u00e4hne 10\/14 L\u00c4UFER X 5 m. &#8211; Z\u00e4hne 12\/18 Ausr\u00fcstung &#8211; Hydraulisch verstellbare Deichsel. &#8211; Striegelzinken mit Federentriegelung, 80-mm-Blatt, Fl\u00fcgelblatt und Leitblech. &#8211; Transportr\u00e4der 500\/50 R17 mit Bremsen. &#8211; Einebnungsscheiben \u00d8460 mm &#8211; Hydraulische Tiefenkontrolle mit &#8230; <a title=\"RUNNER X &#8211; Abgeschleppt\" class=\"read-more\" href=\"https:\/\/skmas.dk\/de\/runner-x-abgeschleppt\/\" aria-label=\"Mehr zu RUNNER X &#8211; Abgeschleppt\">Weiterlesen &#8230;<\/a><\/p>\n","protected":false},"author":3,"featured_media":7827,"parent":0,"menu_order":0,"comment_status":"closed","ping_status":"closed","template":"","meta":{"_acf_changed":false,"footnotes":""},"categories":[66],"acf":[],"yoast_head":"<!-- This site is optimized with the Yoast SEO plugin v24.5 - https:\/\/yoast.com\/wordpress\/plugins\/seo\/ -->\n<title>RUNNER X - Abgeschleppt | Sk\u00e6rb\u00e6k Maskinforretning<\/title>\n<meta name=\"robots\" content=\"index, follow, max-snippet:-1, max-image-preview:large, max-video-preview:-1\" \/>\n<link rel=\"canonical\" href=\"https:\/\/skmas.dk\/runner-x-abgeschleppt\/\" \/>\n<meta property=\"og:locale\" content=\"de_DE\" \/>\n<meta property=\"og:type\" content=\"article\" \/>\n<meta property=\"og:title\" content=\"RUNNER X - Abgeschleppt | Sk\u00e6rb\u00e6k Maskinforretning\" \/>\n<meta property=\"og:description\" content=\"[vc_row full_width=&#8220;stretch_row&#8220;][vc_column][vc_row_inner equal_height=&#8220;yes&#8220; content_placement=&#8220;middle&#8220; css=&#8220;.vc_custom_1702286566002{margin-right: 0px !important;margin-left: 0px !important;}&#8220;][vc_column_inner el_class=&#8220;small-stretch&#8220; offset=&#8220;vc_col-lg-6 vc_col-md-6 vc_col-xs-12&#8243;][vc_column_text] Modelle L\u00c4UFER X 4 m. &#8211; Z\u00e4hne 10\/14 L\u00c4UFER X 5 m. &#8211; Z\u00e4hne 12\/18 Ausr\u00fcstung &#8211; Hydraulisch verstellbare Deichsel. &#8211; Striegelzinken mit Federentriegelung, 80-mm-Blatt, Fl\u00fcgelblatt und Leitblech. &#8211; Transportr\u00e4der 500\/50 R17 mit Bremsen. &#8211; Einebnungsscheiben \u00d8460 mm &#8211; Hydraulische Tiefenkontrolle mit ... Weiterlesen ...\" \/>\n<meta property=\"og:url\" content=\"https:\/\/skmas.dk\/runner-x-abgeschleppt\/\" \/>\n<meta property=\"og:site_name\" content=\"Sk\u00e6rb\u00e6k Maskinforretning\" \/>\n<meta name=\"twitter:card\" content=\"summary_large_image\" \/>\n<meta name=\"twitter:label1\" content=\"Gesch\u00e4tzte Lesezeit\" \/>\n\t<meta name=\"twitter:data1\" content=\"2\u00a0Minuten\" \/>\n<script type=\"application\/ld+json\" class=\"yoast-schema-graph\">{\"@context\":\"https:\/\/schema.org\",\"@graph\":[{\"@type\":\"WebPage\",\"@id\":\"https:\/\/skmas.dk\/runner-x-abgeschleppt\/\",\"url\":\"https:\/\/skmas.dk\/runner-x-abgeschleppt\/\",\"name\":\"RUNNER X - Abgeschleppt | Sk\u00e6rb\u00e6k Maskinforretning\",\"isPartOf\":{\"@id\":\"https:\/\/skmas.dk\/#website\"},\"primaryImageOfPage\":{\"@id\":\"https:\/\/skmas.dk\/runner-x-abgeschleppt\/#primaryimage\"},\"image\":{\"@id\":\"https:\/\/skmas.dk\/runner-x-abgeschleppt\/#primaryimage\"},\"thumbnailUrl\":\"https:\/\/skmas.dk\/wp-content\/uploads\/2024\/01\/skaermbillede-2024-01-23-kl-095208.jpg\",\"datePublished\":\"2024-01-23T08:53:41+00:00\",\"breadcrumb\":{\"@id\":\"https:\/\/skmas.dk\/runner-x-abgeschleppt\/#breadcrumb\"},\"inLanguage\":\"de\",\"potentialAction\":[{\"@type\":\"ReadAction\",\"target\":[\"https:\/\/skmas.dk\/runner-x-abgeschleppt\/\"]}]},{\"@type\":\"ImageObject\",\"inLanguage\":\"de\",\"@id\":\"https:\/\/skmas.dk\/runner-x-abgeschleppt\/#primaryimage\",\"url\":\"https:\/\/skmas.dk\/wp-content\/uploads\/2024\/01\/skaermbillede-2024-01-23-kl-095208.jpg\",\"contentUrl\":\"https:\/\/skmas.dk\/wp-content\/uploads\/2024\/01\/skaermbillede-2024-01-23-kl-095208.jpg\",\"width\":1394,\"height\":740},{\"@type\":\"BreadcrumbList\",\"@id\":\"https:\/\/skmas.dk\/runner-x-abgeschleppt\/#breadcrumb\",\"itemListElement\":[{\"@type\":\"ListItem\",\"position\":1,\"name\":\"Hjem\",\"item\":\"https:\/\/skmas.dk\/de\/\"},{\"@type\":\"ListItem\",\"position\":2,\"name\":\"RUNNER X &#8211; Abgeschleppt\"}]},{\"@type\":\"WebSite\",\"@id\":\"https:\/\/skmas.dk\/#website\",\"url\":\"https:\/\/skmas.dk\/\",\"name\":\"Sk\u00e6rb\u00e6k Maskinforretning\",\"description\":\"T\u00e5gespr\u00f8jte, Slagleklipper, Grenknuser, Foderblander, G\u00f8dningspreder, Agro masz og Peecon\",\"publisher\":{\"@id\":\"https:\/\/skmas.dk\/#organization\"},\"potentialAction\":[{\"@type\":\"SearchAction\",\"target\":{\"@type\":\"EntryPoint\",\"urlTemplate\":\"https:\/\/skmas.dk\/?s={search_term_string}\"},\"query-input\":{\"@type\":\"PropertyValueSpecification\",\"valueRequired\":true,\"valueName\":\"search_term_string\"}}],\"inLanguage\":\"de\"},{\"@type\":\"Organization\",\"@id\":\"https:\/\/skmas.dk\/#organization\",\"name\":\"Sk\u00e6rb\u00e6k Maskinforretning\",\"url\":\"https:\/\/skmas.dk\/\",\"logo\":{\"@type\":\"ImageObject\",\"inLanguage\":\"de\",\"@id\":\"https:\/\/skmas.dk\/#\/schema\/logo\/image\/\",\"url\":\"https:\/\/skmas.dk\/wp-content\/uploads\/2023\/12\/cropped-skaerbaek-maskinforretning-logo.png\",\"contentUrl\":\"https:\/\/skmas.dk\/wp-content\/uploads\/2023\/12\/cropped-skaerbaek-maskinforretning-logo.png\",\"width\":486,\"height\":97,\"caption\":\"Sk\u00e6rb\u00e6k Maskinforretning\"},\"image\":{\"@id\":\"https:\/\/skmas.dk\/#\/schema\/logo\/image\/\"}}]}<\/script>\n<!-- \/ Yoast SEO plugin. -->","yoast_head_json":{"title":"RUNNER X - Abgeschleppt | Sk\u00e6rb\u00e6k Maskinforretning","robots":{"index":"index","follow":"follow","max-snippet":"max-snippet:-1","max-image-preview":"max-image-preview:large","max-video-preview":"max-video-preview:-1"},"canonical":"https:\/\/skmas.dk\/runner-x-abgeschleppt\/","og_locale":"de_DE","og_type":"article","og_title":"RUNNER X - Abgeschleppt | Sk\u00e6rb\u00e6k Maskinforretning","og_description":"[vc_row full_width=&#8220;stretch_row&#8220;][vc_column][vc_row_inner equal_height=&#8220;yes&#8220; content_placement=&#8220;middle&#8220; css=&#8220;.vc_custom_1702286566002{margin-right: 0px !important;margin-left: 0px !important;}&#8220;][vc_column_inner el_class=&#8220;small-stretch&#8220; offset=&#8220;vc_col-lg-6 vc_col-md-6 vc_col-xs-12&#8243;][vc_column_text] Modelle L\u00c4UFER X 4 m. &#8211; Z\u00e4hne 10\/14 L\u00c4UFER X 5 m. &#8211; Z\u00e4hne 12\/18 Ausr\u00fcstung &#8211; Hydraulisch verstellbare Deichsel. &#8211; Striegelzinken mit Federentriegelung, 80-mm-Blatt, Fl\u00fcgelblatt und Leitblech. &#8211; Transportr\u00e4der 500\/50 R17 mit Bremsen. &#8211; Einebnungsscheiben \u00d8460 mm &#8211; Hydraulische Tiefenkontrolle mit ... Weiterlesen ...","og_url":"https:\/\/skmas.dk\/runner-x-abgeschleppt\/","og_site_name":"Sk\u00e6rb\u00e6k Maskinforretning","twitter_card":"summary_large_image","twitter_misc":{"Gesch\u00e4tzte Lesezeit":"2\u00a0Minuten"},"schema":{"@context":"https:\/\/schema.org","@graph":[{"@type":"WebPage","@id":"https:\/\/skmas.dk\/runner-x-abgeschleppt\/","url":"https:\/\/skmas.dk\/runner-x-abgeschleppt\/","name":"RUNNER X - Abgeschleppt | Sk\u00e6rb\u00e6k Maskinforretning","isPartOf":{"@id":"https:\/\/skmas.dk\/#website"},"primaryImageOfPage":{"@id":"https:\/\/skmas.dk\/runner-x-abgeschleppt\/#primaryimage"},"image":{"@id":"https:\/\/skmas.dk\/runner-x-abgeschleppt\/#primaryimage"},"thumbnailUrl":"https:\/\/skmas.dk\/wp-content\/uploads\/2024\/01\/skaermbillede-2024-01-23-kl-095208.jpg","datePublished":"2024-01-23T08:53:41+00:00","breadcrumb":{"@id":"https:\/\/skmas.dk\/runner-x-abgeschleppt\/#breadcrumb"},"inLanguage":"de","potentialAction":[{"@type":"ReadAction","target":["https:\/\/skmas.dk\/runner-x-abgeschleppt\/"]}]},{"@type":"ImageObject","inLanguage":"de","@id":"https:\/\/skmas.dk\/runner-x-abgeschleppt\/#primaryimage","url":"https:\/\/skmas.dk\/wp-content\/uploads\/2024\/01\/skaermbillede-2024-01-23-kl-095208.jpg","contentUrl":"https:\/\/skmas.dk\/wp-content\/uploads\/2024\/01\/skaermbillede-2024-01-23-kl-095208.jpg","width":1394,"height":740},{"@type":"BreadcrumbList","@id":"https:\/\/skmas.dk\/runner-x-abgeschleppt\/#breadcrumb","itemListElement":[{"@type":"ListItem","position":1,"name":"Hjem","item":"https:\/\/skmas.dk\/de\/"},{"@type":"ListItem","position":2,"name":"RUNNER X &#8211; Abgeschleppt"}]},{"@type":"WebSite","@id":"https:\/\/skmas.dk\/#website","url":"https:\/\/skmas.dk\/","name":"Sk\u00e6rb\u00e6k Maskinforretning","description":"T\u00e5gespr\u00f8jte, Slagleklipper, Grenknuser, Foderblander, G\u00f8dningspreder, Agro masz og Peecon","publisher":{"@id":"https:\/\/skmas.dk\/#organization"},"potentialAction":[{"@type":"SearchAction","target":{"@type":"EntryPoint","urlTemplate":"https:\/\/skmas.dk\/?s={search_term_string}"},"query-input":{"@type":"PropertyValueSpecification","valueRequired":true,"valueName":"search_term_string"}}],"inLanguage":"de"},{"@type":"Organization","@id":"https:\/\/skmas.dk\/#organization","name":"Sk\u00e6rb\u00e6k Maskinforretning","url":"https:\/\/skmas.dk\/","logo":{"@type":"ImageObject","inLanguage":"de","@id":"https:\/\/skmas.dk\/#\/schema\/logo\/image\/","url":"https:\/\/skmas.dk\/wp-content\/uploads\/2023\/12\/cropped-skaerbaek-maskinforretning-logo.png","contentUrl":"https:\/\/skmas.dk\/wp-content\/uploads\/2023\/12\/cropped-skaerbaek-maskinforretning-logo.png","width":486,"height":97,"caption":"Sk\u00e6rb\u00e6k Maskinforretning"},"image":{"@id":"https:\/\/skmas.dk\/#\/schema\/logo\/image\/"}}]}},"_links":{"self":[{"href":"https:\/\/skmas.dk\/de\/wp-json\/wp\/v2\/pages\/10537"}],"collection":[{"href":"https:\/\/skmas.dk\/de\/wp-json\/wp\/v2\/pages"}],"about":[{"href":"https:\/\/skmas.dk\/de\/wp-json\/wp\/v2\/types\/page"}],"author":[{"embeddable":true,"href":"https:\/\/skmas.dk\/de\/wp-json\/wp\/v2\/users\/3"}],"replies":[{"embeddable":true,"href":"https:\/\/skmas.dk\/de\/wp-json\/wp\/v2\/comments?post=10537"}],"version-history":[{"count":0,"href":"https:\/\/skmas.dk\/de\/wp-json\/wp\/v2\/pages\/10537\/revisions"}],"wp:featuredmedia":[{"embeddable":true,"href":"https:\/\/skmas.dk\/de\/wp-json\/wp\/v2\/media\/7827"}],"wp:attachment":[{"href":"https:\/\/skmas.dk\/de\/wp-json\/wp\/v2\/media?parent=10537"}],"wp:term":[{"taxonomy":"category","embeddable":true,"href":"https:\/\/skmas.dk\/de\/wp-json\/wp\/v2\/categories?post=10537"}],"curies":[{"name":"wp","href":"https:\/\/api.w.org\/{rel}","templated":true}]}}