{"id":10818,"date":"2023-12-11T08:56:29","date_gmt":"2023-12-11T07:56:29","guid":{"rendered":"https:\/\/skmas.dk\/schlegelmaeher-fuer-die-forstwirtschaft\/"},"modified":"2023-12-11T08:56:29","modified_gmt":"2023-12-11T07:56:29","slug":"schlegelmaeher-fuer-die-forstwirtschaft","status":"publish","type":"page","link":"https:\/\/skmas.dk\/de\/schlegelmaeher-fuer-die-forstwirtschaft\/","title":{"rendered":"Schlegelm\u00e4her f\u00fcr die Forstwirtschaft"},"content":{"rendered":"<section class=\"wpb-content-wrapper\"><p>[vc_row full_width=&#8220;stretch_row&#8220;][vc_column]<div class=\"ult-spacer spacer-69f365efe3dc9\" data-id=\"69f365efe3dc9\" data-height=\"90\" data-height-mobile=\"60\" data-height-tab=\"90\" data-height-tab-portrait=\"60\" data-height-mobile-landscape=\"60\" style=\"clear:both;display:block;\"><\/div>[vc_row_inner][vc_column_inner offset=&#8220;vc_col-lg-2 vc_col-md-2 vc_col-xs-12&#8243;][\/vc_column_inner][vc_column_inner offset=&#8220;vc_col-lg-8 vc_col-md-8 vc_col-xs-12&#8243;][vc_column_text]<\/p>\n<h2 style=\"text-align: center;\"><span style=\"font-size: inherit;\">Auf dieser Seite k\u00f6nnen Sie mehr dar\u00fcber lesen, wie wir bei <\/span><a style=\"font-size: inherit;\" href=\"https:\/\/skmas.dk\/\">Sk\u00e6rb\u00e6k Maschinenfabrik<\/a><span style=\"font-size: inherit;\"> Ihnen mit Nebelspr\u00fchger\u00e4ten f\u00fcr die Forstwirtschaft helfen k\u00f6nnen.<\/span><\/h2>\n<p>Seit \u00fcber 20 Jahren ist Sk\u00e6rb\u00e6k Maskinforretning Importeur\/H\u00e4ndler einer breiten Palette von Nebelspr\u00fchger\u00e4ten des italienischen Maschinenherstellers Dragone s.r.l. Unser Angebot reicht von kleineren Liftspr\u00fchern bis hin zu unserem beeindruckenden 5000-Liter-Dragone-Anh\u00e4ngerspr\u00fchger\u00e4t. Diese Spr\u00fchger\u00e4te k\u00f6nnen mit zus\u00e4tzlicher Ausr\u00fcstung an Ihre Bed\u00fcrfnisse angepasst werden. Wir bieten sowohl Spr\u00fchger\u00e4te f\u00fcr den Weihnachtsbaumanbau als auch solche f\u00fcr den Obst- und Beerenanbau an. Unser Lager Dragone befindet sich im n\u00f6rdlichen Teil Italiens, der f\u00fcr seine Weinproduktion bekannt ist. Das, so glauben wir, gibt ihnen ein tiefes Verst\u00e4ndnis f\u00fcr die Herausforderungen und Anforderungen, denen sich unsere Kunden, die Obst- und Beerenbauern, gegen\u00fcbersehen.<\/p>\n<p>Wir sind bereit, Ihnen zu helfen, die optimale L\u00f6sung f\u00fcr Ihre individuellen Bed\u00fcrfnisse zu finden.<\/p>\n<p>Setzen Sie sich mit uns in Verbindung, um mehr \u00fcber unser breites Angebot an Spr\u00fchger\u00e4ten mit Bent 40 31 66 88 zu erfahren oder schreiben Sie uns an <a href=\"mailto:info@skmas.dk\">info@skmas.dk<\/a><\/p>\n<p>Wir freuen uns darauf, von Ihnen zu h\u00f6ren.<\/p>\n<h2><\/h2>\n<p>Ben\u00f6tigen Sie Nebelspr\u00fchger\u00e4te? Dann sind Sie herzlich eingeladen, <a href=\"https:\/\/skmas.dk\/kontakt\/\">uns zu kontaktieren.<\/a> Sie k\u00f6nnen uns anrufen unter <a href=\"tel:74751205\">+45 74 75 12 05<\/a> oder schreiben Sie uns an <a href=\"mailto:info@skmas.dk\">info@skmas.dk.<\/a>  Wir freuen uns darauf, von Ihnen zu h\u00f6ren.[\/vc_column_text][\/vc_column_inner][vc_column_inner offset=&#8220;vc_col-lg-2 vc_col-md-2 vc_col-xs-12&#8243;][\/vc_column_inner][\/vc_row_inner]<div class=\"ult-spacer spacer-69f365efe3df3\" data-id=\"69f365efe3df3\" data-height=\"90\" data-height-mobile=\"60\" data-height-tab=\"90\" data-height-tab-portrait=\"60\" data-height-mobile-landscape=\"60\" style=\"clear:both;display:block;\"><\/div>[vc_row_inner][vc_column_inner][vc_basic_grid post_type=&#8220;post&#8220; max_items=&#8220;-1&#8243; orderby=&#8220;title&#8220; grid_id=&#8220;vc_gid:1717063414182-1d39cc93-8b24-2&#8243; taxonomies=&#8220;60&#8243;][\/vc_column_inner][\/vc_row_inner]<div class=\"ult-spacer spacer-69f365efe3e06\" data-id=\"69f365efe3e06\" data-height=\"90\" data-height-mobile=\"60\" data-height-tab=\"90\" data-height-tab-portrait=\"60\" data-height-mobile-landscape=\"60\" style=\"clear:both;display:block;\"><\/div>[\/vc_column][\/vc_row]<\/p>\n<\/section>","protected":false},"excerpt":{"rendered":"<p>[vc_row full_width=&#8220;stretch_row&#8220;][vc_column][vc_row_inner][vc_column_inner offset=&#8220;vc_col-lg-2 vc_col-md-2 vc_col-xs-12&#8243;][\/vc_column_inner][vc_column_inner offset=&#8220;vc_col-lg-8 vc_col-md-8 vc_col-xs-12&#8243;][vc_column_text] Auf dieser Seite k\u00f6nnen Sie mehr dar\u00fcber lesen, wie wir bei Sk\u00e6rb\u00e6k Maschinenfabrik Ihnen mit Nebelspr\u00fchger\u00e4ten f\u00fcr die Forstwirtschaft helfen k\u00f6nnen. Seit \u00fcber 20 Jahren ist Sk\u00e6rb\u00e6k Maskinforretning Importeur\/H\u00e4ndler einer breiten Palette von Nebelspr\u00fchger\u00e4ten des italienischen Maschinenherstellers Dragone s.r.l. Unser Angebot reicht von kleineren Liftspr\u00fchern bis hin &#8230; <a title=\"Schlegelm\u00e4her f\u00fcr die Forstwirtschaft\" class=\"read-more\" href=\"https:\/\/skmas.dk\/de\/schlegelmaeher-fuer-die-forstwirtschaft\/\" aria-label=\"Mehr zu Schlegelm\u00e4her f\u00fcr die Forstwirtschaft\">Weiterlesen &#8230;<\/a><\/p>\n","protected":false},"author":1,"featured_media":0,"parent":0,"menu_order":7,"comment_status":"closed","ping_status":"closed","template":"","meta":{"_acf_changed":false,"footnotes":""},"categories":[],"acf":[],"yoast_head":"<!-- This site is optimized with the Yoast SEO plugin v24.5 - https:\/\/yoast.com\/wordpress\/plugins\/seo\/ -->\n<title>Schlegelm\u00e4her f\u00fcr die Forstwirtschaft | Sk\u00e6rb\u00e6k Maskinforretning<\/title>\n<meta name=\"description\" content=\"Ben\u00f6tigen Sie Nebelspr\u00fchger\u00e4te f\u00fcr die Forstwirtschaft? Sk\u00e6rb\u00e6k Maskinforretning Dann sind wir f\u00fcr Sie da. Kontaktieren Sie uns noch heute\" \/>\n<meta name=\"robots\" content=\"index, follow, max-snippet:-1, max-image-preview:large, max-video-preview:-1\" \/>\n<link rel=\"canonical\" href=\"https:\/\/skmas.dk\/de\/schlegelmaeher-fuer-die-forstwirtschaft\/\" \/>\n<meta property=\"og:locale\" content=\"de_DE\" \/>\n<meta property=\"og:type\" content=\"article\" \/>\n<meta property=\"og:title\" content=\"Schlegelm\u00e4her f\u00fcr die Forstwirtschaft | Sk\u00e6rb\u00e6k Maskinforretning\" \/>\n<meta property=\"og:description\" content=\"Ben\u00f6tigen Sie Nebelspr\u00fchger\u00e4te f\u00fcr die Forstwirtschaft? Sk\u00e6rb\u00e6k Maskinforretning Dann sind wir f\u00fcr Sie da. Kontaktieren Sie uns noch heute\" \/>\n<meta property=\"og:url\" content=\"https:\/\/skmas.dk\/de\/schlegelmaeher-fuer-die-forstwirtschaft\/\" \/>\n<meta property=\"og:site_name\" content=\"Sk\u00e6rb\u00e6k Maskinforretning\" \/>\n<meta name=\"twitter:card\" content=\"summary_large_image\" \/>\n<meta name=\"twitter:label1\" content=\"Gesch\u00e4tzte Lesezeit\" \/>\n\t<meta name=\"twitter:data1\" content=\"2\u00a0Minuten\" \/>\n<script type=\"application\/ld+json\" class=\"yoast-schema-graph\">{\"@context\":\"https:\/\/schema.org\",\"@graph\":[{\"@type\":\"WebPage\",\"@id\":\"https:\/\/skmas.dk\/de\/schlegelmaeher-fuer-die-forstwirtschaft\/\",\"url\":\"https:\/\/skmas.dk\/de\/schlegelmaeher-fuer-die-forstwirtschaft\/\",\"name\":\"Schlegelm\u00e4her f\u00fcr die Forstwirtschaft | Sk\u00e6rb\u00e6k Maskinforretning\",\"isPartOf\":{\"@id\":\"https:\/\/skmas.dk\/#website\"},\"datePublished\":\"2023-12-11T07:56:29+00:00\",\"description\":\"Ben\u00f6tigen Sie Nebelspr\u00fchger\u00e4te f\u00fcr die Forstwirtschaft? Sk\u00e6rb\u00e6k Maskinforretning Dann sind wir f\u00fcr Sie da. Kontaktieren Sie uns noch heute\",\"breadcrumb\":{\"@id\":\"https:\/\/skmas.dk\/de\/schlegelmaeher-fuer-die-forstwirtschaft\/#breadcrumb\"},\"inLanguage\":\"de\",\"potentialAction\":[{\"@type\":\"ReadAction\",\"target\":[\"https:\/\/skmas.dk\/de\/schlegelmaeher-fuer-die-forstwirtschaft\/\"]}]},{\"@type\":\"BreadcrumbList\",\"@id\":\"https:\/\/skmas.dk\/de\/schlegelmaeher-fuer-die-forstwirtschaft\/#breadcrumb\",\"itemListElement\":[{\"@type\":\"ListItem\",\"position\":1,\"name\":\"Hjem\",\"item\":\"https:\/\/skmas.dk\/de\/\"},{\"@type\":\"ListItem\",\"position\":2,\"name\":\"Schlegelm\u00e4her f\u00fcr die Forstwirtschaft\"}]},{\"@type\":\"WebSite\",\"@id\":\"https:\/\/skmas.dk\/#website\",\"url\":\"https:\/\/skmas.dk\/\",\"name\":\"Sk\u00e6rb\u00e6k Maskinforretning\",\"description\":\"T\u00e5gespr\u00f8jte, Slagleklipper, Grenknuser, Foderblander, G\u00f8dningspreder, Agro masz og Peecon\",\"publisher\":{\"@id\":\"https:\/\/skmas.dk\/#organization\"},\"potentialAction\":[{\"@type\":\"SearchAction\",\"target\":{\"@type\":\"EntryPoint\",\"urlTemplate\":\"https:\/\/skmas.dk\/?s={search_term_string}\"},\"query-input\":{\"@type\":\"PropertyValueSpecification\",\"valueRequired\":true,\"valueName\":\"search_term_string\"}}],\"inLanguage\":\"de\"},{\"@type\":\"Organization\",\"@id\":\"https:\/\/skmas.dk\/#organization\",\"name\":\"Sk\u00e6rb\u00e6k Maskinforretning\",\"url\":\"https:\/\/skmas.dk\/\",\"logo\":{\"@type\":\"ImageObject\",\"inLanguage\":\"de\",\"@id\":\"https:\/\/skmas.dk\/#\/schema\/logo\/image\/\",\"url\":\"https:\/\/skmas.dk\/wp-content\/uploads\/2023\/12\/cropped-skaerbaek-maskinforretning-logo.png\",\"contentUrl\":\"https:\/\/skmas.dk\/wp-content\/uploads\/2023\/12\/cropped-skaerbaek-maskinforretning-logo.png\",\"width\":486,\"height\":97,\"caption\":\"Sk\u00e6rb\u00e6k Maskinforretning\"},\"image\":{\"@id\":\"https:\/\/skmas.dk\/#\/schema\/logo\/image\/\"}}]}<\/script>\n<!-- \/ Yoast SEO plugin. -->","yoast_head_json":{"title":"Schlegelm\u00e4her f\u00fcr die Forstwirtschaft | Sk\u00e6rb\u00e6k Maskinforretning","description":"Ben\u00f6tigen Sie Nebelspr\u00fchger\u00e4te f\u00fcr die Forstwirtschaft? Sk\u00e6rb\u00e6k Maskinforretning Dann sind wir f\u00fcr Sie da. Kontaktieren Sie uns noch heute","robots":{"index":"index","follow":"follow","max-snippet":"max-snippet:-1","max-image-preview":"max-image-preview:large","max-video-preview":"max-video-preview:-1"},"canonical":"https:\/\/skmas.dk\/de\/schlegelmaeher-fuer-die-forstwirtschaft\/","og_locale":"de_DE","og_type":"article","og_title":"Schlegelm\u00e4her f\u00fcr die Forstwirtschaft | Sk\u00e6rb\u00e6k Maskinforretning","og_description":"Ben\u00f6tigen Sie Nebelspr\u00fchger\u00e4te f\u00fcr die Forstwirtschaft? Sk\u00e6rb\u00e6k Maskinforretning Dann sind wir f\u00fcr Sie da. Kontaktieren Sie uns noch heute","og_url":"https:\/\/skmas.dk\/de\/schlegelmaeher-fuer-die-forstwirtschaft\/","og_site_name":"Sk\u00e6rb\u00e6k Maskinforretning","twitter_card":"summary_large_image","twitter_misc":{"Gesch\u00e4tzte Lesezeit":"2\u00a0Minuten"},"schema":{"@context":"https:\/\/schema.org","@graph":[{"@type":"WebPage","@id":"https:\/\/skmas.dk\/de\/schlegelmaeher-fuer-die-forstwirtschaft\/","url":"https:\/\/skmas.dk\/de\/schlegelmaeher-fuer-die-forstwirtschaft\/","name":"Schlegelm\u00e4her f\u00fcr die Forstwirtschaft | Sk\u00e6rb\u00e6k Maskinforretning","isPartOf":{"@id":"https:\/\/skmas.dk\/#website"},"datePublished":"2023-12-11T07:56:29+00:00","description":"Ben\u00f6tigen Sie Nebelspr\u00fchger\u00e4te f\u00fcr die Forstwirtschaft? Sk\u00e6rb\u00e6k Maskinforretning Dann sind wir f\u00fcr Sie da. Kontaktieren Sie uns noch heute","breadcrumb":{"@id":"https:\/\/skmas.dk\/de\/schlegelmaeher-fuer-die-forstwirtschaft\/#breadcrumb"},"inLanguage":"de","potentialAction":[{"@type":"ReadAction","target":["https:\/\/skmas.dk\/de\/schlegelmaeher-fuer-die-forstwirtschaft\/"]}]},{"@type":"BreadcrumbList","@id":"https:\/\/skmas.dk\/de\/schlegelmaeher-fuer-die-forstwirtschaft\/#breadcrumb","itemListElement":[{"@type":"ListItem","position":1,"name":"Hjem","item":"https:\/\/skmas.dk\/de\/"},{"@type":"ListItem","position":2,"name":"Schlegelm\u00e4her f\u00fcr die Forstwirtschaft"}]},{"@type":"WebSite","@id":"https:\/\/skmas.dk\/#website","url":"https:\/\/skmas.dk\/","name":"Sk\u00e6rb\u00e6k Maskinforretning","description":"T\u00e5gespr\u00f8jte, Slagleklipper, Grenknuser, Foderblander, G\u00f8dningspreder, Agro masz og Peecon","publisher":{"@id":"https:\/\/skmas.dk\/#organization"},"potentialAction":[{"@type":"SearchAction","target":{"@type":"EntryPoint","urlTemplate":"https:\/\/skmas.dk\/?s={search_term_string}"},"query-input":{"@type":"PropertyValueSpecification","valueRequired":true,"valueName":"search_term_string"}}],"inLanguage":"de"},{"@type":"Organization","@id":"https:\/\/skmas.dk\/#organization","name":"Sk\u00e6rb\u00e6k Maskinforretning","url":"https:\/\/skmas.dk\/","logo":{"@type":"ImageObject","inLanguage":"de","@id":"https:\/\/skmas.dk\/#\/schema\/logo\/image\/","url":"https:\/\/skmas.dk\/wp-content\/uploads\/2023\/12\/cropped-skaerbaek-maskinforretning-logo.png","contentUrl":"https:\/\/skmas.dk\/wp-content\/uploads\/2023\/12\/cropped-skaerbaek-maskinforretning-logo.png","width":486,"height":97,"caption":"Sk\u00e6rb\u00e6k Maskinforretning"},"image":{"@id":"https:\/\/skmas.dk\/#\/schema\/logo\/image\/"}}]}},"_links":{"self":[{"href":"https:\/\/skmas.dk\/de\/wp-json\/wp\/v2\/pages\/10818"}],"collection":[{"href":"https:\/\/skmas.dk\/de\/wp-json\/wp\/v2\/pages"}],"about":[{"href":"https:\/\/skmas.dk\/de\/wp-json\/wp\/v2\/types\/page"}],"author":[{"embeddable":true,"href":"https:\/\/skmas.dk\/de\/wp-json\/wp\/v2\/users\/1"}],"replies":[{"embeddable":true,"href":"https:\/\/skmas.dk\/de\/wp-json\/wp\/v2\/comments?post=10818"}],"version-history":[{"count":0,"href":"https:\/\/skmas.dk\/de\/wp-json\/wp\/v2\/pages\/10818\/revisions"}],"wp:attachment":[{"href":"https:\/\/skmas.dk\/de\/wp-json\/wp\/v2\/media?parent=10818"}],"wp:term":[{"taxonomy":"category","embeddable":true,"href":"https:\/\/skmas.dk\/de\/wp-json\/wp\/v2\/categories?post=10818"}],"curies":[{"name":"wp","href":"https:\/\/api.w.org\/{rel}","templated":true}]}}