{"id":10870,"date":"2020-02-12T13:11:38","date_gmt":"2020-02-12T12:11:38","guid":{"rendered":"https:\/\/skmas.dk\/kontaktieren-sie-uns\/"},"modified":"2020-02-12T13:11:38","modified_gmt":"2020-02-12T12:11:38","slug":"kontaktieren-sie-uns","status":"publish","type":"page","link":"https:\/\/skmas.dk\/de\/kontaktieren-sie-uns\/","title":{"rendered":"Kontaktieren Sie uns"},"content":{"rendered":"<section class=\"wpb-content-wrapper\"><p>[vc_row full_width=&#8220;stretch_row&#8220;][vc_column]<div class=\"ult-spacer spacer-69d21b7318c8c\" data-id=\"69d21b7318c8c\" data-height=\"90\" data-height-mobile=\"60\" data-height-tab=\"90\" data-height-tab-portrait=\"60\" data-height-mobile-landscape=\"60\" style=\"clear:both;display:block;\"><\/div>[vc_row_inner][vc_column_inner offset=&#8220;vc_col-lg-6 vc_col-md-6 vc_col-xs-12&#8243;][vc_column_text css=&#8220;.vc_custom_1681710741312{padding-top: 30px !important;padding-right: 30px !important;padding-bottom: 30px !important;padding-left: 30px !important;background-color: #f7f7f7 !important;}&#8220;]<\/p>\n<h2 style=\"text-align: left;\">Kontaktieren Sie uns heute<\/h2>\n<p style=\"text-align: left;\">\nS<strong>k\u00e6rb\u00e6k Maskinforretning<\/strong> Aabenraavej 17, 6780 Sk\u00e6rb\u00e6k, D\u00e4nemark<\/p>\n<p style=\"text-align: left;\"><a href=\"tel:74751205\">(+45) 74 75 12 05<\/a><br \/>\n<a href=\"mailto:info@skmas.dk\">info@skmas.dk<\/a><\/p>\n<p style=\"text-align: left;\">Registrierungsnummer des Unternehmens: 15737905<\/p>\n<p>[\/vc_column_text]<div class=\"ult-spacer spacer-69d21b7318cd4\" data-id=\"69d21b7318cd4\" data-height=\"0\" data-height-mobile=\"30\" data-height-tab=\"0\" data-height-tab-portrait=\"30\" data-height-mobile-landscape=\"30\" style=\"clear:both;display:block;\"><\/div>[\/vc_column_inner][vc_column_inner offset=&#8220;vc_col-lg-6 vc_col-md-6 vc_col-xs-12&#8243;][vc_column_text]<\/p>\n<h3>Schreiben Sie uns<\/h3>\n<p>[\/vc_column_text][vc_empty_space height=&#8220;15px&#8220;][vc_raw_html]JTVCZm9ybWluYXRvcl9mb3JtJTIwaWQlM0QlMjI2NiUyMiU1RA==[\/vc_raw_html][\/vc_column_inner][\/vc_row_inner]<div class=\"ult-spacer spacer-69d21b7318cfe\" data-id=\"69d21b7318cfe\" data-height=\"90\" data-height-mobile=\"60\" data-height-tab=\"90\" data-height-tab-portrait=\"60\" data-height-mobile-landscape=\"60\" style=\"clear:both;display:block;\"><\/div>[vc_tta_accordion][vc_tta_section title=&#8220;B\u00fcro&#8220; tab_id=&#8220;kontor&#8220;][vc_row_inner][vc_column_inner width=&#8220;1\/2&#8243;][vc_single_image image=&#8220;10775&#8243; img_size=&#8220;200&#215;200&#8243;][vc_column_text]<\/p>\n<div class=\"views-row views-row-1 views-row-odd views-row-first col-xs-6 col-sm-4 clearfix\">\n<div class=\"views-field views-field-nothing\"><strong><span class=\"field-content\"><span class=\"teamtitle\">Bent S\u00f8rense<\/span><\/span><span class=\"field-content\"><span class=\"teamtitle\">n<\/span><\/span><\/strong><\/div>\n<div class=\"views-field views-field-nothing\"><em><span class=\"field-content\"><span class=\"teamjob\">Inhaberin<\/span><\/span><\/em><\/div>\n<div class=\"views-field views-field-nothing\"><span class=\"field-content\"><span class=\"teamtelefon\">Tel: <a href=\"tel:+4574751205\">74751205<\/a><\/span><\/span><\/div>\n<div class=\"views-field views-field-nothing\"><span class=\"field-content\"><span class=\"teammobil\">Mobil: <a href=\"tel:+4540316688\">40316688<\/a><\/span><\/span><\/div>\n<div class=\"views-field views-field-nothing\">\n<p><span class=\"field-content\"><span class=\"teammail\">E-Mail: <a href=\"mailto:bent@skmas.dk\">bent@skmas.dk<\/a><\/span><\/span><\/p>\n<p>&nbsp;<\/p>\n<\/div>\n<\/div>\n<p>[\/vc_column_text]<div class=\"ult-spacer spacer-69d21b7318d22\" data-id=\"69d21b7318d22\" data-height=\"0\" data-height-mobile=\"30\" data-height-tab=\"0\" data-height-tab-portrait=\"0\" data-height-mobile-landscape=\"30\" style=\"clear:both;display:block;\"><\/div>[\/vc_column_inner][vc_column_inner width=&#8220;1\/2&#8243;][vc_single_image image=&#8220;10778&#8243; img_size=&#8220;200&#215;200&#8243;][vc_column_text]<\/p>\n<div class=\"views-row views-row-1 views-row-odd views-row-first col-xs-6 col-sm-4 clearfix\">\n<div class=\"views-field views-field-nothing\"><strong><span class=\"field-content\"><span class=\"teamtitle\">Inga Arnum Pedersen<\/span><\/span><\/strong><\/div>\n<div class=\"views-field views-field-nothing\"><em><span class=\"field-content\"><span class=\"teamjob\">Buchhalter<\/span><\/span><\/em><\/div>\n<div class=\"views-field views-field-nothing\"><span class=\"field-content\"><span class=\"teamtelefon\">Tel: <a href=\"tel:+4574751205\">74751205<\/a><\/span><\/span><\/div>\n<div class=\"views-field views-field-nothing\"><span class=\"field-content\"><span class=\"teammobil\">Mobil: <a href=\"tel:+4540781150\">40781150<\/a><\/span><\/span><\/div>\n<div class=\"views-field views-field-nothing\"><span class=\"field-content\"><span class=\"teammail\">E-Mail: <a href=\"mailto:inga@skmas.dk\">inga@skmas.dk<\/a><\/span><\/span><\/div>\n<\/div>\n<p>[\/vc_column_text][\/vc_column_inner][\/vc_row_inner][\/vc_tta_section][vc_tta_section title=&#8220;Verkauf von Produkten&#8220; tab_id=&#8220;salg&#8220;][vc_row_inner][vc_column_inner width=&#8220;1\/2&#8243;][vc_single_image image=&#8220;10775&#8243; img_size=&#8220;200&#215;200&#8243;][vc_column_text]<\/p>\n<div class=\"views-row views-row-1 views-row-odd views-row-first col-xs-6 col-sm-4 clearfix\">\n<div class=\"views-field views-field-nothing\"><strong><span class=\"field-content\"><span class=\"teamtitle\">Bent S\u00f8rense<\/span><\/span><span class=\"field-content\"><span class=\"teamtitle\">n<\/span><\/span><\/strong><\/div>\n<div class=\"views-field views-field-nothing\"><em><span class=\"field-content\"><span class=\"teamjob\">Verkaufsleiter<\/span><\/span><\/em><\/div>\n<div class=\"views-field views-field-nothing\"><span class=\"field-content\"><span class=\"teamtelefon\">Tel: <a href=\"tel:+4574751205\">74751205<\/a><\/span><\/span><\/div>\n<div class=\"views-field views-field-nothing\"><span class=\"field-content\"><span class=\"teammobil\">Mobil: <a href=\"tel:+4540316688\">40316688<\/a><\/span><\/span><\/div>\n<div class=\"views-field views-field-nothing\"><span class=\"field-content\"><span class=\"teammail\">E-Mail: <a href=\"mailto:bent@skmas.dk\">bent@skmas.dk<\/a><\/span><\/span><\/div>\n<\/div>\n<p>[\/vc_column_text]<div class=\"ult-spacer spacer-69d21b7318d45\" data-id=\"69d21b7318d45\" data-height=\"0\" data-height-mobile=\"30\" data-height-tab=\"0\" data-height-tab-portrait=\"0\" data-height-mobile-landscape=\"30\" style=\"clear:both;display:block;\"><\/div>[\/vc_column_inner][vc_column_inner width=&#8220;1\/2&#8243;][vc_single_image image=&#8220;10781&#8243; img_size=&#8220;200&#215;200&#8243;][vc_column_text]<\/p>\n<div class=\"views-row views-row-1 views-row-odd views-row-first col-xs-6 col-sm-4 clearfix\">\n<div class=\"views-field views-field-nothing\"><strong><span class=\"teamtitle\">Thomas Kier<\/span><\/strong><\/div>\n<div class=\"views-field views-field-nothing\"><em><span class=\"teamjob\">Verk\u00e4ufer<\/span><\/em><\/div>\n<div class=\"views-field views-field-nothing\"><span class=\"teamtelefon\">Tel: <a href=\"tel:+4574751205\">74751205<\/a><\/span><\/div>\n<div class=\"views-field views-field-nothing\"><span class=\"teammobil\">Mobil: <a href=\"tel:+4560487777\">60487777<\/a><\/span><\/div>\n<div class=\"views-field views-field-nothing\"><span class=\"teammail\">E-Mail: <a href=\"mailto:thomas_kier@outlook.dk\">thomas_kier@outlook.dk<\/a><\/span><\/div>\n<\/div>\n<p>[\/vc_column_text][\/vc_column_inner][\/vc_row_inner][\/vc_tta_section][vc_tta_section title=&#8220;Workshop&#8220; tab_id=&#8220;vaerksted&#8220;][vc_row_inner][vc_column_inner width=&#8220;1\/2&#8243;][vc_single_image image=&#8220;10769&#8243; img_size=&#8220;200&#215;200&#8243;][vc_column_text]<\/p>\n<div class=\"views-row views-row-1 views-row-odd views-row-first col-xs-6 col-sm-4 clearfix\">\n<div class=\"views-field views-field-nothing\"><strong><span class=\"teamtitle\">Simon de Hertog<\/span><\/strong><\/div>\n<div class=\"views-field views-field-nothing\"><em><span class=\"teamjob\">Mechanik<\/span><\/em><\/div>\n<div class=\"views-field views-field-nothing\"><span class=\"teamtelefon\">Tel: <a href=\"tel:+4574751205\">74751205<\/a><\/span><\/div>\n<div class=\"views-field views-field-nothing\"><span class=\"teammobil\">Mobil: <a href=\"tel:+4523706757\">23706757<\/a><\/span><\/div>\n<div class=\"views-field views-field-nothing\"><span class=\"teammail\">E-Mail: <a href=\"mailto:simon@skmas.dk\">simon@skmas.dk<\/a><\/span><\/div>\n<\/div>\n<p>[\/vc_column_text]<div class=\"ult-spacer spacer-69d21b7318d65\" data-id=\"69d21b7318d65\" data-height=\"0\" data-height-mobile=\"30\" data-height-tab=\"0\" data-height-tab-portrait=\"0\" data-height-mobile-landscape=\"30\" style=\"clear:both;display:block;\"><\/div>[\/vc_column_inner][vc_column_inner width=&#8220;1\/2&#8243;][\/vc_column_inner][\/vc_row_inner][\/vc_tta_section][vc_tta_section title=&#8220;Ersatzteile \/ Lager&#8220; tab_id=&#8220;reservedele&#8220;][vc_row_inner][vc_column_inner width=&#8220;1\/2&#8243;][vc_single_image image=&#8220;10763&#8243; img_size=&#8220;200&#215;200&#8243;][vc_column_text]<\/p>\n<div class=\"views-row views-row-1 views-row-odd views-row-first col-xs-6 col-sm-4 clearfix\">\n<div class=\"views-field views-field-nothing\"><strong><span class=\"teamtitle\">Kenneth Arnum Pedersen<\/span><\/strong><\/div>\n<div class=\"views-field views-field-nothing\"><em><span class=\"teamjob\">Lagerhaus<\/span><\/em><\/div>\n<div class=\"views-field views-field-nothing\"><span class=\"teamtelefon\">Tel: <a href=\"tel:+4574751205\">74751205<\/a><\/span><\/div>\n<div class=\"views-field views-field-nothing\"><span class=\"teammobil\">Mobil: <a href=\"tel:+4540276605\">40276605<\/a><\/span><\/div>\n<div class=\"views-field views-field-nothing\"><span class=\"teammail\">E-Mail: <a href=\"mailto:lager@skmas.dk\">lager@skmas.dk<\/a><\/span><\/div>\n<\/div>\n<p>[\/vc_column_text]<div class=\"ult-spacer spacer-69d21b7318d83\" data-id=\"69d21b7318d83\" data-height=\"0\" data-height-mobile=\"30\" data-height-tab=\"0\" data-height-tab-portrait=\"0\" data-height-mobile-landscape=\"30\" style=\"clear:both;display:block;\"><\/div>[\/vc_column_inner][vc_column_inner width=&#8220;1\/2&#8243;][\/vc_column_inner][\/vc_row_inner][\/vc_tta_section][\/vc_tta_accordion]<div class=\"ult-spacer spacer-69d21b7318da0\" data-id=\"69d21b7318da0\" data-height=\"90\" data-height-mobile=\"60\" data-height-tab=\"90\" data-height-tab-portrait=\"60\" data-height-mobile-landscape=\"60\" style=\"clear:both;display:block;\"><\/div>[\/vc_column][\/vc_row][vc_row full_width=&#8220;stretch_row_content_no_spaces&#8220;][vc_column][vc_gmaps link=&#8220;#E-8_JTNDaWZyYW1lJTIwc3JjJTNEJTIyaHR0cHMlM0ElMkYlMkZ3d3cuZ29vZ2xlLmNvbSUyRm1hcHMlMkZlbWJlZCUzRnBiJTNEJTIxMW0xNCUyMTFtOCUyMTFtMyUyMTFkNDU1OS4xODExNTU3MDMzNzElMjEyZDguNzc4MzE5JTIxM2Q1NS4xNTU0NDMlMjEzbTIlMjExaTEwMjQlMjEyaTc2OCUyMTRmMTMuMSUyMTNtMyUyMTFtMiUyMTFzMHg0N2I0Y2FhMWJhZTQ0YTE1JTI1M0EweGI3ZTQxMDBiZmNjYWI2ZjYlMjEyc1NrJTI1QzMlMjVBNnJiJTI1QzMlMjVBNmslMjUyME1hc2tpbmZvcnJldG5pbmclMjE1ZTAlMjEzbTIlMjExc2RhJTIxMnNkayUyMTR2MTcwMjI4MzU5NzYxMSUyMTVtMiUyMTFzZGElMjEyc2RrJTIyJTIwd2lkdGglM0QlMjI2MDAlMjIlMjBoZWlnaHQlM0QlMjI0NTAlMjIlMjBzdHlsZSUzRCUyMmJvcmRlciUzQTAlM0IlMjIlMjBhbGxvd2Z1bGxzY3JlZW4lM0QlMjIlMjIlMjBsb2FkaW5nJTNEJTIybGF6eSUyMiUyMHJlZmVycmVycG9saWN5JTNEJTIybm8tcmVmZXJyZXItd2hlbi1kb3duZ3JhZGUlMjIlM0UlM0MlMkZpZnJhbWUlM0U=&#8220; size=&#8220;400px&#8220;][\/vc_column][\/vc_row]<\/p>\n<\/section>","protected":false},"excerpt":{"rendered":"<p>Haben Sie Fragen oder Anmerkungen?<\/p>\n","protected":false},"author":1,"featured_media":0,"parent":0,"menu_order":0,"comment_status":"closed","ping_status":"closed","template":"","meta":{"_acf_changed":false,"footnotes":""},"categories":[],"acf":[],"yoast_head":"<!-- This site is optimized with the Yoast SEO plugin v24.5 - https:\/\/yoast.com\/wordpress\/plugins\/seo\/ -->\n<title>Kontaktieren Sie uns | Sk\u00e6rb\u00e6k Maskinforretning<\/title>\n<meta name=\"robots\" content=\"index, follow, max-snippet:-1, max-image-preview:large, max-video-preview:-1\" \/>\n<link rel=\"canonical\" href=\"https:\/\/skmas.dk\/kontaktieren-sie-uns\/\" \/>\n<meta property=\"og:locale\" content=\"de_DE\" \/>\n<meta property=\"og:type\" content=\"article\" \/>\n<meta property=\"og:title\" content=\"Kontaktieren Sie uns | Sk\u00e6rb\u00e6k Maskinforretning\" \/>\n<meta property=\"og:description\" content=\"Haben Sie Fragen oder Anmerkungen?\" \/>\n<meta property=\"og:url\" content=\"https:\/\/skmas.dk\/kontaktieren-sie-uns\/\" \/>\n<meta property=\"og:site_name\" content=\"Sk\u00e6rb\u00e6k Maskinforretning\" \/>\n<meta name=\"twitter:card\" content=\"summary_large_image\" \/>\n<meta name=\"twitter:label1\" content=\"Gesch\u00e4tzte Lesezeit\" \/>\n\t<meta name=\"twitter:data1\" content=\"3\u00a0Minuten\" \/>\n<script type=\"application\/ld+json\" class=\"yoast-schema-graph\">{\"@context\":\"https:\/\/schema.org\",\"@graph\":[{\"@type\":\"WebPage\",\"@id\":\"https:\/\/skmas.dk\/kontaktieren-sie-uns\/\",\"url\":\"https:\/\/skmas.dk\/kontaktieren-sie-uns\/\",\"name\":\"Kontaktieren Sie uns | Sk\u00e6rb\u00e6k Maskinforretning\",\"isPartOf\":{\"@id\":\"https:\/\/skmas.dk\/#website\"},\"datePublished\":\"2020-02-12T12:11:38+00:00\",\"breadcrumb\":{\"@id\":\"https:\/\/skmas.dk\/kontaktieren-sie-uns\/#breadcrumb\"},\"inLanguage\":\"de\",\"potentialAction\":[{\"@type\":\"ReadAction\",\"target\":[\"https:\/\/skmas.dk\/kontaktieren-sie-uns\/\"]}]},{\"@type\":\"BreadcrumbList\",\"@id\":\"https:\/\/skmas.dk\/kontaktieren-sie-uns\/#breadcrumb\",\"itemListElement\":[{\"@type\":\"ListItem\",\"position\":1,\"name\":\"Hjem\",\"item\":\"https:\/\/skmas.dk\/de\/\"},{\"@type\":\"ListItem\",\"position\":2,\"name\":\"Kontaktieren Sie uns\"}]},{\"@type\":\"WebSite\",\"@id\":\"https:\/\/skmas.dk\/#website\",\"url\":\"https:\/\/skmas.dk\/\",\"name\":\"Sk\u00e6rb\u00e6k Maskinforretning\",\"description\":\"T\u00e5gespr\u00f8jte, Slagleklipper, Grenknuser, Foderblander, G\u00f8dningspreder, Agro masz og Peecon\",\"publisher\":{\"@id\":\"https:\/\/skmas.dk\/#organization\"},\"potentialAction\":[{\"@type\":\"SearchAction\",\"target\":{\"@type\":\"EntryPoint\",\"urlTemplate\":\"https:\/\/skmas.dk\/?s={search_term_string}\"},\"query-input\":{\"@type\":\"PropertyValueSpecification\",\"valueRequired\":true,\"valueName\":\"search_term_string\"}}],\"inLanguage\":\"de\"},{\"@type\":\"Organization\",\"@id\":\"https:\/\/skmas.dk\/#organization\",\"name\":\"Sk\u00e6rb\u00e6k Maskinforretning\",\"url\":\"https:\/\/skmas.dk\/\",\"logo\":{\"@type\":\"ImageObject\",\"inLanguage\":\"de\",\"@id\":\"https:\/\/skmas.dk\/#\/schema\/logo\/image\/\",\"url\":\"https:\/\/skmas.dk\/wp-content\/uploads\/2023\/12\/cropped-skaerbaek-maskinforretning-logo.png\",\"contentUrl\":\"https:\/\/skmas.dk\/wp-content\/uploads\/2023\/12\/cropped-skaerbaek-maskinforretning-logo.png\",\"width\":486,\"height\":97,\"caption\":\"Sk\u00e6rb\u00e6k Maskinforretning\"},\"image\":{\"@id\":\"https:\/\/skmas.dk\/#\/schema\/logo\/image\/\"}}]}<\/script>\n<!-- \/ Yoast SEO plugin. -->","yoast_head_json":{"title":"Kontaktieren Sie uns | Sk\u00e6rb\u00e6k Maskinforretning","robots":{"index":"index","follow":"follow","max-snippet":"max-snippet:-1","max-image-preview":"max-image-preview:large","max-video-preview":"max-video-preview:-1"},"canonical":"https:\/\/skmas.dk\/kontaktieren-sie-uns\/","og_locale":"de_DE","og_type":"article","og_title":"Kontaktieren Sie uns | Sk\u00e6rb\u00e6k Maskinforretning","og_description":"Haben Sie Fragen oder Anmerkungen?","og_url":"https:\/\/skmas.dk\/kontaktieren-sie-uns\/","og_site_name":"Sk\u00e6rb\u00e6k Maskinforretning","twitter_card":"summary_large_image","twitter_misc":{"Gesch\u00e4tzte Lesezeit":"3\u00a0Minuten"},"schema":{"@context":"https:\/\/schema.org","@graph":[{"@type":"WebPage","@id":"https:\/\/skmas.dk\/kontaktieren-sie-uns\/","url":"https:\/\/skmas.dk\/kontaktieren-sie-uns\/","name":"Kontaktieren Sie uns | Sk\u00e6rb\u00e6k Maskinforretning","isPartOf":{"@id":"https:\/\/skmas.dk\/#website"},"datePublished":"2020-02-12T12:11:38+00:00","breadcrumb":{"@id":"https:\/\/skmas.dk\/kontaktieren-sie-uns\/#breadcrumb"},"inLanguage":"de","potentialAction":[{"@type":"ReadAction","target":["https:\/\/skmas.dk\/kontaktieren-sie-uns\/"]}]},{"@type":"BreadcrumbList","@id":"https:\/\/skmas.dk\/kontaktieren-sie-uns\/#breadcrumb","itemListElement":[{"@type":"ListItem","position":1,"name":"Hjem","item":"https:\/\/skmas.dk\/de\/"},{"@type":"ListItem","position":2,"name":"Kontaktieren Sie uns"}]},{"@type":"WebSite","@id":"https:\/\/skmas.dk\/#website","url":"https:\/\/skmas.dk\/","name":"Sk\u00e6rb\u00e6k Maskinforretning","description":"T\u00e5gespr\u00f8jte, Slagleklipper, Grenknuser, Foderblander, G\u00f8dningspreder, Agro masz og Peecon","publisher":{"@id":"https:\/\/skmas.dk\/#organization"},"potentialAction":[{"@type":"SearchAction","target":{"@type":"EntryPoint","urlTemplate":"https:\/\/skmas.dk\/?s={search_term_string}"},"query-input":{"@type":"PropertyValueSpecification","valueRequired":true,"valueName":"search_term_string"}}],"inLanguage":"de"},{"@type":"Organization","@id":"https:\/\/skmas.dk\/#organization","name":"Sk\u00e6rb\u00e6k Maskinforretning","url":"https:\/\/skmas.dk\/","logo":{"@type":"ImageObject","inLanguage":"de","@id":"https:\/\/skmas.dk\/#\/schema\/logo\/image\/","url":"https:\/\/skmas.dk\/wp-content\/uploads\/2023\/12\/cropped-skaerbaek-maskinforretning-logo.png","contentUrl":"https:\/\/skmas.dk\/wp-content\/uploads\/2023\/12\/cropped-skaerbaek-maskinforretning-logo.png","width":486,"height":97,"caption":"Sk\u00e6rb\u00e6k Maskinforretning"},"image":{"@id":"https:\/\/skmas.dk\/#\/schema\/logo\/image\/"}}]}},"_links":{"self":[{"href":"https:\/\/skmas.dk\/de\/wp-json\/wp\/v2\/pages\/10870"}],"collection":[{"href":"https:\/\/skmas.dk\/de\/wp-json\/wp\/v2\/pages"}],"about":[{"href":"https:\/\/skmas.dk\/de\/wp-json\/wp\/v2\/types\/page"}],"author":[{"embeddable":true,"href":"https:\/\/skmas.dk\/de\/wp-json\/wp\/v2\/users\/1"}],"replies":[{"embeddable":true,"href":"https:\/\/skmas.dk\/de\/wp-json\/wp\/v2\/comments?post=10870"}],"version-history":[{"count":0,"href":"https:\/\/skmas.dk\/de\/wp-json\/wp\/v2\/pages\/10870\/revisions"}],"wp:attachment":[{"href":"https:\/\/skmas.dk\/de\/wp-json\/wp\/v2\/media?parent=10870"}],"wp:term":[{"taxonomy":"category","embeddable":true,"href":"https:\/\/skmas.dk\/de\/wp-json\/wp\/v2\/categories?post=10870"}],"curies":[{"name":"wp","href":"https:\/\/api.w.org\/{rel}","templated":true}]}}