{"id":10526,"date":"2024-04-29T13:29:14","date_gmt":"2024-04-29T11:29:14","guid":{"rendered":"https:\/\/skmas.dk\/dragone\/"},"modified":"2024-04-29T13:29:14","modified_gmt":"2024-04-29T11:29:14","slug":"dragone","status":"publish","type":"page","link":"https:\/\/skmas.dk\/en\/dragone\/","title":{"rendered":"Dragone"},"content":{"rendered":"<section class=\"wpb-content-wrapper\"><p>[vc_row full_width=&#8221;stretch_row&#8221;][vc_column]<div class=\"ult-spacer spacer-69f70b61bff6c\" data-id=\"69f70b61bff6c\" data-height=\"90\" data-height-mobile=\"60\" data-height-tab=\"90\" data-height-tab-portrait=\"60\" data-height-mobile-landscape=\"60\" style=\"clear:both;display:block;\"><\/div>[vc_column_text]<\/p>\n<h2>Dragone s.r.l.<\/h2>\n<p>As an importer and dealer for Dragone flail mowers and smaller lift sprayers for our impressive 5000 liter Dragone trailer sprayers for their livestock and hydraulic row cutters and shredders and energy series for wine and berry and orchard needs.[\/vc_column_text]<div class=\"ult-spacer spacer-69f70b61bff99\" data-id=\"69f70b61bff99\" data-height=\"90\" data-height-mobile=\"60\" data-height-tab=\"90\" data-height-tab-portrait=\"60\" data-height-mobile-landscape=\"60\" style=\"clear:both;display:block;\"><\/div>[vc_row_inner][vc_column_inner offset=&#8221;vc_col-lg-12 vc_col-md-12 vc_col-xs-12&#8243;][vc_basic_grid post_type=&#8221;post&#8221; max_items=&#8221;-1&#8243; element_width=&#8221;3&#8243; gap=&#8221;20&#8243; orderby=&#8221;title&#8221; item=&#8221;3702&#8243; grid_id=&#8221;vc_gid:1716457068809-ca6d048e-6d7b-7&#8243; taxonomies=&#8221;42&#8243;]<div class=\"ult-spacer spacer-69f70b61bffae\" data-id=\"69f70b61bffae\" data-height=\"0\" data-height-mobile=\"30\" data-height-tab=\"0\" data-height-tab-portrait=\"30\" data-height-mobile-landscape=\"30\" style=\"clear:both;display:block;\"><\/div>[\/vc_column_inner][\/vc_row_inner]<div class=\"ult-spacer spacer-69f70b61bffc0\" data-id=\"69f70b61bffc0\" data-height=\"90\" data-height-mobile=\"60\" data-height-tab=\"90\" data-height-tab-portrait=\"60\" data-height-mobile-landscape=\"60\" style=\"clear:both;display:block;\"><\/div>[\/vc_column][\/vc_row]<\/p>\n<\/section>","protected":false},"excerpt":{"rendered":"<p>[vc_row full_width=&#8221;stretch_row&#8221;][vc_column][vc_column_text] Dragone s.r.l. As an importer and dealer for Dragone flail mowers and smaller lift sprayers for our impressive 5000 liter Dragone trailer sprayers for their livestock and hydraulic row cutters and shredders and energy series for wine and berry and orchard needs.[\/vc_column_text][vc_row_inner][vc_column_inner offset=&#8221;vc_col-lg-12 vc_col-md-12 vc_col-xs-12&#8243;][vc_basic_grid post_type=&#8221;post&#8221; max_items=&#8221;-1&#8243; element_width=&#8221;3&#8243; gap=&#8221;20&#8243; orderby=&#8221;title&#8221; item=&#8221;3702&#8243; grid_id=&#8221;vc_gid:1716457068809-ca6d048e-6d7b-7&#8243; taxonomies=&#8221;42&#8243;][\/vc_column_inner][\/vc_row_inner][\/vc_column][\/vc_row]<\/p>\n","protected":false},"author":2,"featured_media":7880,"parent":0,"menu_order":0,"comment_status":"closed","ping_status":"closed","template":"","meta":{"_acf_changed":false,"footnotes":""},"categories":[78],"acf":[],"yoast_head":"<!-- This site is optimized with the Yoast SEO plugin v24.5 - https:\/\/yoast.com\/wordpress\/plugins\/seo\/ -->\n<title>Dragone | Sk\u00e6rb\u00e6k Maskinforretning<\/title>\n<meta name=\"robots\" content=\"index, follow, max-snippet:-1, max-image-preview:large, max-video-preview:-1\" \/>\n<link rel=\"canonical\" href=\"https:\/\/skmas.dk\/dragone\/\" \/>\n<meta property=\"og:locale\" content=\"en_US\" \/>\n<meta property=\"og:type\" content=\"article\" \/>\n<meta property=\"og:title\" content=\"Dragone | Sk\u00e6rb\u00e6k Maskinforretning\" \/>\n<meta property=\"og:description\" content=\"[vc_row full_width=&#8221;stretch_row&#8221;][vc_column][vc_column_text] Dragone s.r.l. As an importer and dealer for Dragone flail mowers and smaller lift sprayers for our impressive 5000 liter Dragone trailer sprayers for their livestock and hydraulic row cutters and shredders and energy series for wine and berry and orchard needs.[\/vc_column_text][vc_row_inner][vc_column_inner offset=&#8221;vc_col-lg-12 vc_col-md-12 vc_col-xs-12&#8243;][vc_basic_grid post_type=&#8221;post&#8221; max_items=&#8221;-1&#8243; element_width=&#8221;3&#8243; gap=&#8221;20&#8243; orderby=&#8221;title&#8221; item=&#8221;3702&#8243; grid_id=&#8221;vc_gid:1716457068809-ca6d048e-6d7b-7&#8243; taxonomies=&#8221;42&#8243;][\/vc_column_inner][\/vc_row_inner][\/vc_column][\/vc_row]\" \/>\n<meta property=\"og:url\" content=\"https:\/\/skmas.dk\/dragone\/\" \/>\n<meta property=\"og:site_name\" content=\"Sk\u00e6rb\u00e6k Maskinforretning\" \/>\n<meta name=\"twitter:card\" content=\"summary_large_image\" \/>\n<meta name=\"twitter:label1\" content=\"Est. reading time\" \/>\n\t<meta name=\"twitter:data1\" content=\"1 minute\" \/>\n<script type=\"application\/ld+json\" class=\"yoast-schema-graph\">{\"@context\":\"https:\/\/schema.org\",\"@graph\":[{\"@type\":\"WebPage\",\"@id\":\"https:\/\/skmas.dk\/dragone\/\",\"url\":\"https:\/\/skmas.dk\/dragone\/\",\"name\":\"Dragone | Sk\u00e6rb\u00e6k Maskinforretning\",\"isPartOf\":{\"@id\":\"https:\/\/skmas.dk\/#website\"},\"primaryImageOfPage\":{\"@id\":\"https:\/\/skmas.dk\/dragone\/#primaryimage\"},\"image\":{\"@id\":\"https:\/\/skmas.dk\/dragone\/#primaryimage\"},\"thumbnailUrl\":\"https:\/\/skmas.dk\/wp-content\/uploads\/2024\/05\/dragone-fixed.png\",\"datePublished\":\"2024-04-29T11:29:14+00:00\",\"breadcrumb\":{\"@id\":\"https:\/\/skmas.dk\/dragone\/#breadcrumb\"},\"inLanguage\":\"en-US\",\"potentialAction\":[{\"@type\":\"ReadAction\",\"target\":[\"https:\/\/skmas.dk\/dragone\/\"]}]},{\"@type\":\"ImageObject\",\"inLanguage\":\"en-US\",\"@id\":\"https:\/\/skmas.dk\/dragone\/#primaryimage\",\"url\":\"https:\/\/skmas.dk\/wp-content\/uploads\/2024\/05\/dragone-fixed.png\",\"contentUrl\":\"https:\/\/skmas.dk\/wp-content\/uploads\/2024\/05\/dragone-fixed.png\",\"width\":1600,\"height\":800,\"caption\":\"Dragone logo\"},{\"@type\":\"BreadcrumbList\",\"@id\":\"https:\/\/skmas.dk\/dragone\/#breadcrumb\",\"itemListElement\":[{\"@type\":\"ListItem\",\"position\":1,\"name\":\"Hjem\",\"item\":\"https:\/\/skmas.dk\/en\/\"},{\"@type\":\"ListItem\",\"position\":2,\"name\":\"Dragone\"}]},{\"@type\":\"WebSite\",\"@id\":\"https:\/\/skmas.dk\/#website\",\"url\":\"https:\/\/skmas.dk\/\",\"name\":\"Sk\u00e6rb\u00e6k Maskinforretning\",\"description\":\"T\u00e5gespr\u00f8jte, Slagleklipper, Grenknuser, Foderblander, G\u00f8dningspreder, Agro masz og Peecon\",\"publisher\":{\"@id\":\"https:\/\/skmas.dk\/#organization\"},\"potentialAction\":[{\"@type\":\"SearchAction\",\"target\":{\"@type\":\"EntryPoint\",\"urlTemplate\":\"https:\/\/skmas.dk\/?s={search_term_string}\"},\"query-input\":{\"@type\":\"PropertyValueSpecification\",\"valueRequired\":true,\"valueName\":\"search_term_string\"}}],\"inLanguage\":\"en-US\"},{\"@type\":\"Organization\",\"@id\":\"https:\/\/skmas.dk\/#organization\",\"name\":\"Sk\u00e6rb\u00e6k Maskinforretning\",\"url\":\"https:\/\/skmas.dk\/\",\"logo\":{\"@type\":\"ImageObject\",\"inLanguage\":\"en-US\",\"@id\":\"https:\/\/skmas.dk\/#\/schema\/logo\/image\/\",\"url\":\"https:\/\/skmas.dk\/wp-content\/uploads\/2023\/12\/cropped-skaerbaek-maskinforretning-logo.png\",\"contentUrl\":\"https:\/\/skmas.dk\/wp-content\/uploads\/2023\/12\/cropped-skaerbaek-maskinforretning-logo.png\",\"width\":486,\"height\":97,\"caption\":\"Sk\u00e6rb\u00e6k Maskinforretning\"},\"image\":{\"@id\":\"https:\/\/skmas.dk\/#\/schema\/logo\/image\/\"}}]}<\/script>\n<!-- \/ Yoast SEO plugin. -->","yoast_head_json":{"title":"Dragone | Sk\u00e6rb\u00e6k Maskinforretning","robots":{"index":"index","follow":"follow","max-snippet":"max-snippet:-1","max-image-preview":"max-image-preview:large","max-video-preview":"max-video-preview:-1"},"canonical":"https:\/\/skmas.dk\/dragone\/","og_locale":"en_US","og_type":"article","og_title":"Dragone | Sk\u00e6rb\u00e6k Maskinforretning","og_description":"[vc_row full_width=&#8221;stretch_row&#8221;][vc_column][vc_column_text] Dragone s.r.l. As an importer and dealer for Dragone flail mowers and smaller lift sprayers for our impressive 5000 liter Dragone trailer sprayers for their livestock and hydraulic row cutters and shredders and energy series for wine and berry and orchard needs.[\/vc_column_text][vc_row_inner][vc_column_inner offset=&#8221;vc_col-lg-12 vc_col-md-12 vc_col-xs-12&#8243;][vc_basic_grid post_type=&#8221;post&#8221; max_items=&#8221;-1&#8243; element_width=&#8221;3&#8243; gap=&#8221;20&#8243; orderby=&#8221;title&#8221; item=&#8221;3702&#8243; grid_id=&#8221;vc_gid:1716457068809-ca6d048e-6d7b-7&#8243; taxonomies=&#8221;42&#8243;][\/vc_column_inner][\/vc_row_inner][\/vc_column][\/vc_row]","og_url":"https:\/\/skmas.dk\/dragone\/","og_site_name":"Sk\u00e6rb\u00e6k Maskinforretning","twitter_card":"summary_large_image","twitter_misc":{"Est. reading time":"1 minute"},"schema":{"@context":"https:\/\/schema.org","@graph":[{"@type":"WebPage","@id":"https:\/\/skmas.dk\/dragone\/","url":"https:\/\/skmas.dk\/dragone\/","name":"Dragone | Sk\u00e6rb\u00e6k Maskinforretning","isPartOf":{"@id":"https:\/\/skmas.dk\/#website"},"primaryImageOfPage":{"@id":"https:\/\/skmas.dk\/dragone\/#primaryimage"},"image":{"@id":"https:\/\/skmas.dk\/dragone\/#primaryimage"},"thumbnailUrl":"https:\/\/skmas.dk\/wp-content\/uploads\/2024\/05\/dragone-fixed.png","datePublished":"2024-04-29T11:29:14+00:00","breadcrumb":{"@id":"https:\/\/skmas.dk\/dragone\/#breadcrumb"},"inLanguage":"en-US","potentialAction":[{"@type":"ReadAction","target":["https:\/\/skmas.dk\/dragone\/"]}]},{"@type":"ImageObject","inLanguage":"en-US","@id":"https:\/\/skmas.dk\/dragone\/#primaryimage","url":"https:\/\/skmas.dk\/wp-content\/uploads\/2024\/05\/dragone-fixed.png","contentUrl":"https:\/\/skmas.dk\/wp-content\/uploads\/2024\/05\/dragone-fixed.png","width":1600,"height":800,"caption":"Dragone logo"},{"@type":"BreadcrumbList","@id":"https:\/\/skmas.dk\/dragone\/#breadcrumb","itemListElement":[{"@type":"ListItem","position":1,"name":"Hjem","item":"https:\/\/skmas.dk\/en\/"},{"@type":"ListItem","position":2,"name":"Dragone"}]},{"@type":"WebSite","@id":"https:\/\/skmas.dk\/#website","url":"https:\/\/skmas.dk\/","name":"Sk\u00e6rb\u00e6k Maskinforretning","description":"T\u00e5gespr\u00f8jte, Slagleklipper, Grenknuser, Foderblander, G\u00f8dningspreder, Agro masz og Peecon","publisher":{"@id":"https:\/\/skmas.dk\/#organization"},"potentialAction":[{"@type":"SearchAction","target":{"@type":"EntryPoint","urlTemplate":"https:\/\/skmas.dk\/?s={search_term_string}"},"query-input":{"@type":"PropertyValueSpecification","valueRequired":true,"valueName":"search_term_string"}}],"inLanguage":"en-US"},{"@type":"Organization","@id":"https:\/\/skmas.dk\/#organization","name":"Sk\u00e6rb\u00e6k Maskinforretning","url":"https:\/\/skmas.dk\/","logo":{"@type":"ImageObject","inLanguage":"en-US","@id":"https:\/\/skmas.dk\/#\/schema\/logo\/image\/","url":"https:\/\/skmas.dk\/wp-content\/uploads\/2023\/12\/cropped-skaerbaek-maskinforretning-logo.png","contentUrl":"https:\/\/skmas.dk\/wp-content\/uploads\/2023\/12\/cropped-skaerbaek-maskinforretning-logo.png","width":486,"height":97,"caption":"Sk\u00e6rb\u00e6k Maskinforretning"},"image":{"@id":"https:\/\/skmas.dk\/#\/schema\/logo\/image\/"}}]}},"_links":{"self":[{"href":"https:\/\/skmas.dk\/en\/wp-json\/wp\/v2\/pages\/10526"}],"collection":[{"href":"https:\/\/skmas.dk\/en\/wp-json\/wp\/v2\/pages"}],"about":[{"href":"https:\/\/skmas.dk\/en\/wp-json\/wp\/v2\/types\/page"}],"author":[{"embeddable":true,"href":"https:\/\/skmas.dk\/en\/wp-json\/wp\/v2\/users\/2"}],"replies":[{"embeddable":true,"href":"https:\/\/skmas.dk\/en\/wp-json\/wp\/v2\/comments?post=10526"}],"version-history":[{"count":0,"href":"https:\/\/skmas.dk\/en\/wp-json\/wp\/v2\/pages\/10526\/revisions"}],"wp:featuredmedia":[{"embeddable":true,"href":"https:\/\/skmas.dk\/en\/wp-json\/wp\/v2\/media\/7880"}],"wp:attachment":[{"href":"https:\/\/skmas.dk\/en\/wp-json\/wp\/v2\/media?parent=10526"}],"wp:term":[{"taxonomy":"category","embeddable":true,"href":"https:\/\/skmas.dk\/en\/wp-json\/wp\/v2\/categories?post=10526"}],"curies":[{"name":"wp","href":"https:\/\/api.w.org\/{rel}","templated":true}]}}